{"id":4439,"date":"2025-09-18T09:36:05","date_gmt":"2025-09-18T09:36:05","guid":{"rendered":"https:\/\/motorcentar.hr\/proizvod\/bmw-428-i-f32-f33-f82-f83-motor-code-n20b20a\/"},"modified":"2025-11-06T13:02:53","modified_gmt":"2025-11-06T13:02:53","slug":"bmw-428-i-f32-f33-f82-f83-motor-code-n20b20a","status":"publish","type":"product","link":"https:\/\/motorcentar.hr\/en\/product\/bmw-428-i-f32-f33-f82-f83-motor-code-n20b20a\/","title":{"rendered":"BMW 428i F32\/F33\/F82\/F83 Motor code: N20B20A"},"content":{"rendered":"<p><b>BMW N20B20A<\/b> je 2.0-litreni benzinski motor s turbopunja\u010dem, predstavljen 2011. godine kao zamjena za neke \u0161estocilindri\u010dne N53 motore. Pripada seriji <b>N20<\/b> \u010detverocilindri\u010dnih motora.<\/p>\n<p><b>Klju\u010dne zna\u010dajke:<\/b><\/p>\n<ul>\n<li><b>Tip motora:<\/b> Redni \u010detverocilindri\u010dni (I4), 2.0 litre (1.997 cm\u00b3).<\/li>\n<li><b>Tehnologija:<\/b> Koristi <b>TwinPower Turbo<\/b> tehnologiju (twin-scroll turbo punja\u010d), <b>izravno ubrizgavanje goriva (Direct Injection)<\/b>, sustav varijabilnog podizanja ventila (<b>Valvetronic<\/b>) i varijabilno upravljanje bregastim vratilima (<b>Double VANOS<\/b>).<\/li>\n<li><b>Snaga:<\/b> Ovisno o modelu i softverskom pode\u0161avanju, isporu\u010duje snagu od otprilike <b>135 kW (184 KS)<\/b> do <b>180 kW (245 KS)<\/b>, plus varijantu za hibridni pogon (poput va\u0161eg X5 40e).<\/li>\n<\/ul>\n<p>Ovaj motor je bio klju\u010dan u smanjivanju potro\u0161nje goriva i emisija, nude\u0107i performanse sli\u010dne starijim \u0161estocilindri\u010dnim motorima.<\/p>\n<hr \/>\n<h3>Popis BMW modela u koje se motor N20B20A ugra\u0111uje (kompatibilnost)<\/h3>\n<p>Motor N20B20A, koji se prodaje za BMW 428i (F32), <b>je tehni\u010dki ista osnovna jedinica<\/b> (blok i glava motora) kao i motori u dolje navedenim modelima. Ugradnja je mogu\u0107a u sve ove modele, s tim da je \u010desto potrebno prenijeti odre\u0111ene periferne dijelove (poput kartera, nosa\u010da motora i usisnog\/ispu\u0161nog sustava) s originalnog automobila i <b>reprogramirati upravlja\u010dku jedinicu motora (DME)<\/b>.<\/p>\n<div class=\"horizontal-scroll-wrapper\">\n<div class=\"table-block-component\">\n<div class=\"table-block has-export-button\">\n<div class=\"table-content not-end-of-paragraph\" data-hveid=\"0\" data-ved=\"0CAAQ3ecQahcKEwjF-8Kaq_6PAxUAAAAAHQAAAAAQWw\">\n<table>\n<thead>\n<tr>\n<td>BMW Serija<\/td>\n<td>Model<\/td>\n<td>Karoserija<\/td>\n<td>Godine proizvodnje<\/td>\n<td>Oznaka snage (kW \/ KS)<\/td>\n<\/tr>\n<\/thead>\n<tbody>\n<tr>\n<td><b>Serija 1 (F20\/F21)<\/b><\/td>\n<td>125i<\/td>\n<td>Hatchback<\/td>\n<td>2012 \u2013 2017<\/td>\n<td>160 kW (218 KS)<\/td>\n<\/tr>\n<tr>\n<td><b>Serija 2 (F22\/F23)<\/b><\/td>\n<td>220i<\/td>\n<td>Coup\u00e9, Cabrio<\/td>\n<td>2014 \u2013 2016<\/td>\n<td>135 kW (184 KS)<\/td>\n<\/tr>\n<tr>\n<td><b>Serija 2 (F22\/F23)<\/b><\/td>\n<td>228i<\/td>\n<td>Coup\u00e9, Cabrio<\/td>\n<td>2014 \u2013 2016<\/td>\n<td>180 kW (245 KS)<\/td>\n<\/tr>\n<tr>\n<td><b>Serija 3 (F30\/F31\/F35)<\/b><\/td>\n<td>320i<\/td>\n<td>Limuzina, Touring<\/td>\n<td>2012 \u2013 2015<\/td>\n<td>135 kW (184 KS)<\/td>\n<\/tr>\n<tr>\n<td><b>Serija 3 (F30\/F31)<\/b><\/td>\n<td>328i<\/td>\n<td>Limuzina, Touring<\/td>\n<td>2011 \u2013 2016<\/td>\n<td>180 kW (245 KS)<\/td>\n<\/tr>\n<tr>\n<td><b>Serija 3 GT (F34)<\/b><\/td>\n<td>320i GT<\/td>\n<td>Gran Turismo<\/td>\n<td>2013 \u2013 2016<\/td>\n<td>135 kW (184 KS)<\/td>\n<\/tr>\n<tr>\n<td><b>Serija 3 GT (F34)<\/b><\/td>\n<td>328i GT<\/td>\n<td>Gran Turismo<\/td>\n<td>2013 \u2013 2016<\/td>\n<td>180 kW (245 KS)<\/td>\n<\/tr>\n<tr>\n<td><b>Serija 4 (F32\/F33\/F36)<\/b><\/td>\n<td>420i<\/td>\n<td>Coup\u00e9, Cabrio, GC<\/td>\n<td>2014 \u2013 2016<\/td>\n<td>135 kW (184 KS)<\/td>\n<\/tr>\n<tr>\n<td><b>Serija 4 (F32\/F33\/F36)<\/b><\/td>\n<td><b>428i<\/b><\/td>\n<td>Coup\u00e9, Cabrio, GC<\/td>\n<td>2014 \u2013 2016<\/td>\n<td>180 kW (245 KS)<\/td>\n<\/tr>\n<tr>\n<td><b>Serija 5 (F10\/F11\/F18)<\/b><\/td>\n<td>520i<\/td>\n<td>Limuzina, Touring<\/td>\n<td>2011 \u2013 2016<\/td>\n<td>135 kW (184 KS)<\/td>\n<\/tr>\n<tr>\n<td><b>Serija 5 (F10\/F11\/F18)<\/b><\/td>\n<td>528i<\/td>\n<td>Limuzina, Touring<\/td>\n<td>2012 \u2013 2016<\/td>\n<td>180 kW (245 KS)<\/td>\n<\/tr>\n<tr>\n<td><b>X1 (E84)<\/b><\/td>\n<td>xDrive\/sDrive20i\/28i<\/td>\n<td>SUV<\/td>\n<td>2011 \u2013 2015<\/td>\n<td>135-180 kW<\/td>\n<\/tr>\n<tr>\n<td><b>X3 (F25)<\/b><\/td>\n<td>xDrive\/sDrive20i\/28i<\/td>\n<td>SUV<\/td>\n<td>2011 \u2013 2017<\/td>\n<td>135-180 kW<\/td>\n<\/tr>\n<tr>\n<td><b>X4 (F26)<\/b><\/td>\n<td>xDrive28i<\/td>\n<td>SUV<\/td>\n<td>2014 \u2013 2017<\/td>\n<td>180 kW (245 KS)<\/td>\n<\/tr>\n<tr>\n<td><b>X5 (F15)<\/b><\/td>\n<td><b>xDrive40e<\/b><\/td>\n<td>SUV (HIBRID)<\/td>\n<td><b>2016 \u2013 2018<\/b><\/td>\n<td><b>Benzinski dio motora<\/b><\/td>\n<\/tr>\n<tr>\n<td><b>Z4 (E89)<\/b><\/td>\n<td>sDrive18i\/20i\/28i<\/td>\n<td>Roadster<\/td>\n<td>2011 \u2013 2016<\/td>\n<td>115-180 kW<\/td>\n<\/tr>\n<\/tbody>\n<\/table>\n<\/div>\n<\/div>\n<\/div>\n<\/div>","protected":false},"excerpt":{"rendered":"<p><strong>Serija 1<\/strong> 125i (2012 \u2013 2017)<br \/>\n<strong>Serija 2<\/strong> 220i (2014 &#8211; 2016), &#8230; <\/p>","protected":false},"featured_media":4793,"template":"","meta":{"_monsterinsights_skip_tracking":false,"_monsterinsights_sitenote_active":false,"_monsterinsights_sitenote_note":"","_monsterinsights_sitenote_category":0},"product_brand":[],"product_cat":[131],"product_tag":[],"class_list":{"0":"post-4439","1":"product","2":"type-product","3":"status-publish","4":"has-post-thumbnail","6":"product_cat-motor","7":"pa_godina-211","8":"pa_gorivo-bensin","9":"pa_kilometraza-1812","10":"pa_kod-motora-n20b20a","11":"pa_marka-vozila-bmw","13":"first","14":"instock","15":"purchasable","16":"product-type-simple"},"acf":[],"yoast_head":"<!-- This site is optimized with the Yoast SEO plugin v26.9 - https:\/\/yoast.com\/product\/yoast-seo-wordpress\/ -->\n<title>BMW 428i F32\/F33\/F82\/F83 Motor code: N20B20A - Motor Centar d.o.o.<\/title>\n<meta name=\"robots\" content=\"index, follow, max-snippet:-1, max-image-preview:large, max-video-preview:-1\" \/>\n<link rel=\"canonical\" href=\"https:\/\/motorcentar.hr\/en\/product\/bmw-428-i-f32-f33-f82-f83-motor-code-n20b20a\/\" \/>\n<meta property=\"og:locale\" content=\"en_GB\" \/>\n<meta property=\"og:type\" content=\"article\" \/>\n<meta property=\"og:title\" content=\"BMW 428i F32\/F33\/F82\/F83 Motor code: N20B20A - Motor Centar d.o.o.\" \/>\n<meta property=\"og:description\" content=\"Serija 1 125i (2012 \u2013 2017) Serija 2 220i (2014 - 2016), ...\" \/>\n<meta property=\"og:url\" content=\"https:\/\/motorcentar.hr\/en\/product\/bmw-428-i-f32-f33-f82-f83-motor-code-n20b20a\/\" \/>\n<meta property=\"og:site_name\" content=\"Motor Centar d.o.o.\" \/>\n<meta property=\"article:modified_time\" content=\"2025-11-06T13:02:53+00:00\" \/>\n<meta property=\"og:image\" content=\"https:\/\/motorcentar.hr\/wp-content\/uploads\/2025\/09\/6ACCA72E-A625-420F-B2B4-CC2407A9BD00_1_105_c.jpeg\" \/>\n\t<meta property=\"og:image:width\" content=\"768\" \/>\n\t<meta property=\"og:image:height\" content=\"1024\" \/>\n\t<meta property=\"og:image:type\" content=\"image\/jpeg\" \/>\n<meta name=\"twitter:card\" content=\"summary_large_image\" \/>\n<meta name=\"twitter:label1\" content=\"Estimated reading time\" \/>\n\t<meta name=\"twitter:data1\" content=\"3 minutes\" \/>\n<script type=\"application\/ld+json\" class=\"yoast-schema-graph\">{\"@context\":\"https:\/\/schema.org\",\"@graph\":[{\"@type\":\"WebPage\",\"@id\":\"https:\/\/motorcentar.hr\/proizvod\/bmw-428-i-f32-f33-f82-f83-motor-code-n20b20a\/\",\"url\":\"https:\/\/motorcentar.hr\/proizvod\/bmw-428-i-f32-f33-f82-f83-motor-code-n20b20a\/\",\"name\":\"BMW 428i F32\/F33\/F82\/F83 Motor code: N20B20A - Motor Centar d.o.o.\",\"isPartOf\":{\"@id\":\"https:\/\/motorcentar.hr\/#website\"},\"primaryImageOfPage\":{\"@id\":\"https:\/\/motorcentar.hr\/proizvod\/bmw-428-i-f32-f33-f82-f83-motor-code-n20b20a\/#primaryimage\"},\"image\":{\"@id\":\"https:\/\/motorcentar.hr\/proizvod\/bmw-428-i-f32-f33-f82-f83-motor-code-n20b20a\/#primaryimage\"},\"thumbnailUrl\":\"https:\/\/motorcentar.hr\/wp-content\/uploads\/2025\/09\/6ACCA72E-A625-420F-B2B4-CC2407A9BD00_1_105_c.jpeg\",\"datePublished\":\"2025-09-18T09:36:05+00:00\",\"dateModified\":\"2025-11-06T13:02:53+00:00\",\"breadcrumb\":{\"@id\":\"https:\/\/motorcentar.hr\/proizvod\/bmw-428-i-f32-f33-f82-f83-motor-code-n20b20a\/#breadcrumb\"},\"inLanguage\":\"en-GB\",\"potentialAction\":[{\"@type\":\"ReadAction\",\"target\":[\"https:\/\/motorcentar.hr\/proizvod\/bmw-428-i-f32-f33-f82-f83-motor-code-n20b20a\/\"]}]},{\"@type\":\"ImageObject\",\"inLanguage\":\"en-GB\",\"@id\":\"https:\/\/motorcentar.hr\/proizvod\/bmw-428-i-f32-f33-f82-f83-motor-code-n20b20a\/#primaryimage\",\"url\":\"https:\/\/motorcentar.hr\/wp-content\/uploads\/2025\/09\/6ACCA72E-A625-420F-B2B4-CC2407A9BD00_1_105_c.jpeg\",\"contentUrl\":\"https:\/\/motorcentar.hr\/wp-content\/uploads\/2025\/09\/6ACCA72E-A625-420F-B2B4-CC2407A9BD00_1_105_c.jpeg\",\"width\":768,\"height\":1024},{\"@type\":\"BreadcrumbList\",\"@id\":\"https:\/\/motorcentar.hr\/proizvod\/bmw-428-i-f32-f33-f82-f83-motor-code-n20b20a\/#breadcrumb\",\"itemListElement\":[{\"@type\":\"ListItem\",\"position\":1,\"name\":\"Po\u010detna stranica\",\"item\":\"https:\/\/motorcentar.hr\/\"},{\"@type\":\"ListItem\",\"position\":2,\"name\":\"Shop\",\"item\":\"https:\/\/motorcentar.hr\/shop\/\"},{\"@type\":\"ListItem\",\"position\":3,\"name\":\"BMW 428i F32\/F33\/F82\/F83 Motor code: N20B20A\"}]},{\"@type\":\"WebSite\",\"@id\":\"https:\/\/motorcentar.hr\/#website\",\"url\":\"https:\/\/motorcentar.hr\/\",\"name\":\"Motor Centar d.o.o.\",\"description\":\"dobavlja\u010d rabljenih motora\",\"publisher\":{\"@id\":\"https:\/\/motorcentar.hr\/#organization\"},\"potentialAction\":[{\"@type\":\"SearchAction\",\"target\":{\"@type\":\"EntryPoint\",\"urlTemplate\":\"https:\/\/motorcentar.hr\/?s={search_term_string}\"},\"query-input\":{\"@type\":\"PropertyValueSpecification\",\"valueRequired\":true,\"valueName\":\"search_term_string\"}}],\"inLanguage\":\"en-GB\"},{\"@type\":\"Organization\",\"@id\":\"https:\/\/motorcentar.hr\/#organization\",\"name\":\"Motor Centar d.o.o.\",\"url\":\"https:\/\/motorcentar.hr\/\",\"logo\":{\"@type\":\"ImageObject\",\"inLanguage\":\"en-GB\",\"@id\":\"https:\/\/motorcentar.hr\/#\/schema\/logo\/image\/\",\"url\":\"https:\/\/motorcentar.hr\/wp-content\/uploads\/2023\/04\/0-02-05-37028a27aaa200c272f71543794c852f210a09bbe2f325aa0348a1eb93b51753_beb4ff5acf141f32.jpg\",\"contentUrl\":\"https:\/\/motorcentar.hr\/wp-content\/uploads\/2023\/04\/0-02-05-37028a27aaa200c272f71543794c852f210a09bbe2f325aa0348a1eb93b51753_beb4ff5acf141f32.jpg\",\"width\":852,\"height\":156,\"caption\":\"Motor Centar d.o.o.\"},\"image\":{\"@id\":\"https:\/\/motorcentar.hr\/#\/schema\/logo\/image\/\"}}]}<\/script>\n<!-- \/ Yoast SEO plugin. -->","yoast_head_json":{"title":"BMW 428i F32\/F33\/F82\/F83 Motor code: N20B20A - Motor Centar d.o.o.","robots":{"index":"index","follow":"follow","max-snippet":"max-snippet:-1","max-image-preview":"max-image-preview:large","max-video-preview":"max-video-preview:-1"},"canonical":"https:\/\/motorcentar.hr\/en\/product\/bmw-428-i-f32-f33-f82-f83-motor-code-n20b20a\/","og_locale":"en_GB","og_type":"article","og_title":"BMW 428i F32\/F33\/F82\/F83 Motor code: N20B20A - Motor Centar d.o.o.","og_description":"Serija 1 125i (2012 \u2013 2017) Serija 2 220i (2014 - 2016), ...","og_url":"https:\/\/motorcentar.hr\/en\/product\/bmw-428-i-f32-f33-f82-f83-motor-code-n20b20a\/","og_site_name":"Motor Centar d.o.o.","article_modified_time":"2025-11-06T13:02:53+00:00","og_image":[{"width":768,"height":1024,"url":"https:\/\/motorcentar.hr\/wp-content\/uploads\/2025\/09\/6ACCA72E-A625-420F-B2B4-CC2407A9BD00_1_105_c.jpeg","type":"image\/jpeg"}],"twitter_card":"summary_large_image","twitter_misc":{"Estimated reading time":"3 minutes"},"schema":{"@context":"https:\/\/schema.org","@graph":[{"@type":"WebPage","@id":"https:\/\/motorcentar.hr\/proizvod\/bmw-428-i-f32-f33-f82-f83-motor-code-n20b20a\/","url":"https:\/\/motorcentar.hr\/proizvod\/bmw-428-i-f32-f33-f82-f83-motor-code-n20b20a\/","name":"BMW 428i F32\/F33\/F82\/F83 Motor code: N20B20A - Motor Centar d.o.o.","isPartOf":{"@id":"https:\/\/motorcentar.hr\/#website"},"primaryImageOfPage":{"@id":"https:\/\/motorcentar.hr\/proizvod\/bmw-428-i-f32-f33-f82-f83-motor-code-n20b20a\/#primaryimage"},"image":{"@id":"https:\/\/motorcentar.hr\/proizvod\/bmw-428-i-f32-f33-f82-f83-motor-code-n20b20a\/#primaryimage"},"thumbnailUrl":"https:\/\/motorcentar.hr\/wp-content\/uploads\/2025\/09\/6ACCA72E-A625-420F-B2B4-CC2407A9BD00_1_105_c.jpeg","datePublished":"2025-09-18T09:36:05+00:00","dateModified":"2025-11-06T13:02:53+00:00","breadcrumb":{"@id":"https:\/\/motorcentar.hr\/proizvod\/bmw-428-i-f32-f33-f82-f83-motor-code-n20b20a\/#breadcrumb"},"inLanguage":"en-GB","potentialAction":[{"@type":"ReadAction","target":["https:\/\/motorcentar.hr\/proizvod\/bmw-428-i-f32-f33-f82-f83-motor-code-n20b20a\/"]}]},{"@type":"ImageObject","inLanguage":"en-GB","@id":"https:\/\/motorcentar.hr\/proizvod\/bmw-428-i-f32-f33-f82-f83-motor-code-n20b20a\/#primaryimage","url":"https:\/\/motorcentar.hr\/wp-content\/uploads\/2025\/09\/6ACCA72E-A625-420F-B2B4-CC2407A9BD00_1_105_c.jpeg","contentUrl":"https:\/\/motorcentar.hr\/wp-content\/uploads\/2025\/09\/6ACCA72E-A625-420F-B2B4-CC2407A9BD00_1_105_c.jpeg","width":768,"height":1024},{"@type":"BreadcrumbList","@id":"https:\/\/motorcentar.hr\/proizvod\/bmw-428-i-f32-f33-f82-f83-motor-code-n20b20a\/#breadcrumb","itemListElement":[{"@type":"ListItem","position":1,"name":"Po\u010detna stranica","item":"https:\/\/motorcentar.hr\/"},{"@type":"ListItem","position":2,"name":"Shop","item":"https:\/\/motorcentar.hr\/shop\/"},{"@type":"ListItem","position":3,"name":"BMW 428i F32\/F33\/F82\/F83 Motor code: N20B20A"}]},{"@type":"WebSite","@id":"https:\/\/motorcentar.hr\/#website","url":"https:\/\/motorcentar.hr\/","name":"Motor Centar d.o.o.","description":"dobavlja\u010d rabljenih motora","publisher":{"@id":"https:\/\/motorcentar.hr\/#organization"},"potentialAction":[{"@type":"SearchAction","target":{"@type":"EntryPoint","urlTemplate":"https:\/\/motorcentar.hr\/?s={search_term_string}"},"query-input":{"@type":"PropertyValueSpecification","valueRequired":true,"valueName":"search_term_string"}}],"inLanguage":"en-GB"},{"@type":"Organization","@id":"https:\/\/motorcentar.hr\/#organization","name":"Motor Centar d.o.o.","url":"https:\/\/motorcentar.hr\/","logo":{"@type":"ImageObject","inLanguage":"en-GB","@id":"https:\/\/motorcentar.hr\/#\/schema\/logo\/image\/","url":"https:\/\/motorcentar.hr\/wp-content\/uploads\/2023\/04\/0-02-05-37028a27aaa200c272f71543794c852f210a09bbe2f325aa0348a1eb93b51753_beb4ff5acf141f32.jpg","contentUrl":"https:\/\/motorcentar.hr\/wp-content\/uploads\/2023\/04\/0-02-05-37028a27aaa200c272f71543794c852f210a09bbe2f325aa0348a1eb93b51753_beb4ff5acf141f32.jpg","width":852,"height":156,"caption":"Motor Centar d.o.o."},"image":{"@id":"https:\/\/motorcentar.hr\/#\/schema\/logo\/image\/"}}]}},"jetpack_sharing_enabled":true,"_links":{"self":[{"href":"https:\/\/motorcentar.hr\/en\/wp-json\/wp\/v2\/product\/4439","targetHints":{"allow":["GET"]}}],"collection":[{"href":"https:\/\/motorcentar.hr\/en\/wp-json\/wp\/v2\/product"}],"about":[{"href":"https:\/\/motorcentar.hr\/en\/wp-json\/wp\/v2\/types\/product"}],"wp:featuredmedia":[{"embeddable":true,"href":"https:\/\/motorcentar.hr\/en\/wp-json\/wp\/v2\/media\/4793"}],"wp:attachment":[{"href":"https:\/\/motorcentar.hr\/en\/wp-json\/wp\/v2\/media?parent=4439"}],"wp:term":[{"taxonomy":"product_brand","embeddable":true,"href":"https:\/\/motorcentar.hr\/en\/wp-json\/wp\/v2\/product_brand?post=4439"},{"taxonomy":"product_cat","embeddable":true,"href":"https:\/\/motorcentar.hr\/en\/wp-json\/wp\/v2\/product_cat?post=4439"},{"taxonomy":"product_tag","embeddable":true,"href":"https:\/\/motorcentar.hr\/en\/wp-json\/wp\/v2\/product_tag?post=4439"}],"curies":[{"name":"wp","href":"https:\/\/api.w.org\/{rel}","templated":true}]}}