{"id":18,"date":"2017-06-10T08:25:52","date_gmt":"2017-06-10T08:25:52","guid":{"rendered":"http:\/\/xtratheme.combuilding\/?page_id=10"},"modified":"2026-01-02T19:16:55","modified_gmt":"2026-01-02T19:16:55","slug":"kontakt","status":"publish","type":"page","link":"https:\/\/motorcentar.hr\/hu\/kontakt\/","title":{"rendered":"Kontakt"},"content":{"rendered":"<div class=\"wpb-content-wrapper\"><div class=\"vc_row wpb_row vc_row-fluid\"><div class=\"wpb_column vc_column_container vc_col-sm-12\"><div class=\"vc_column-inner\"><div class=\"wpb_wrapper\"><div class=\"cz_gap clr  hide_on_mobile\" style=\"height: 140px\"><\/div><div class=\"cz_gap show_on_mobile clr\" style=\"height: 100px\"><\/div><\/div><\/div><\/div><\/div><div class=\"vc_row wpb_row vc_row-fluid vc_custom_1497126171788 vc_row-has-fill\"><div class=\"wpb_column vc_column_container vc_col-sm-12 vc_col-md-6\"><div class=\"vc_column-inner\"><div class=\"wpb_wrapper\"><div class=\"cz_eqh cz_content_box_parent_fx\"><div id=\"cz_28592\" class=\"cz_28592 cz_content_box clr cz_svg_bg\"><div class=\"cz_box_front clr\"><div class=\"cz_box_front_inner clr\"><span><\/span><div><div id=\"cz_104836\" class=\"cz_104836 cz_title clr cz_mobile_text_center cz_title_pos_inline\"><div class=\"cz_title_content\"><div class=\"cz_wpe_content\"><h3><span style=\"font-size: 26px;\">Kapcsolat<\/span><\/h3>\n<\/div><\/div><\/div>\n<div class=\"wpcf7 no-js\" id=\"wpcf7-f505-o1\" lang=\"en-US\" dir=\"ltr\" data-wpcf7-id=\"505\">\n<div class=\"screen-reader-response\"><p role=\"status\" aria-live=\"polite\" aria-atomic=\"true\"><\/p> <ul><\/ul><\/div>\n<form action=\"\/hu\/wp-json\/wp\/v2\/pages\/18#wpcf7-f505-o1\" method=\"post\" class=\"wpcf7-form init\" aria-label=\"Contact form\" novalidate=\"novalidate\" data-status=\"init\" data-trp-original-action=\"\/hu\/wp-json\/wp\/v2\/pages\/18#wpcf7-f505-o1\">\n<fieldset class=\"hidden-fields-container\"><input type=\"hidden\" name=\"_wpcf7\" value=\"505\" \/><input type=\"hidden\" name=\"_wpcf7_version\" value=\"6.1.5\" \/><input type=\"hidden\" name=\"_wpcf7_locale\" value=\"en_US\" \/><input type=\"hidden\" name=\"_wpcf7_unit_tag\" value=\"wpcf7-f505-o1\" \/><input type=\"hidden\" name=\"_wpcf7_container_post\" value=\"0\" \/><input type=\"hidden\" name=\"_wpcf7_posted_data_hash\" value=\"\" \/>\n<\/fieldset>\n<p><span class=\"wpcf7-form-control-wrap\" data-name=\"your-name\"><input size=\"40\" maxlength=\"400\" class=\"wpcf7-form-control wpcf7-text wpcf7-validates-as-required\" aria-required=\"true\" aria-invalid=\"false\" placeholder=\"Va\u0161e ime i prezime\" value=\"\" type=\"text\" name=\"your-name\" \/><\/span>\n<\/p>\n<p><span class=\"wpcf7-form-control-wrap\" data-name=\"your-email\"><input size=\"40\" maxlength=\"400\" class=\"wpcf7-form-control wpcf7-email wpcf7-validates-as-required wpcf7-text wpcf7-validates-as-email\" aria-required=\"true\" aria-invalid=\"false\" placeholder=\"Email adresa\" value=\"\" type=\"email\" name=\"your-email\" \/><\/span>\n<\/p>\n<p><span class=\"wpcf7-form-control-wrap\" data-name=\"your-subject\"><input size=\"40\" maxlength=\"400\" class=\"wpcf7-form-control wpcf7-text\" aria-invalid=\"false\" placeholder=\"Telefon\" value=\"\" type=\"text\" name=\"your-subject\" \/><\/span>\n<\/p>\n<p><span class=\"wpcf7-form-control-wrap\" data-name=\"menu-178\"><select class=\"wpcf7-form-control wpcf7-select\" aria-invalid=\"false\" name=\"menu-178\"><option value=\"Vrsta upita\">Vrsta upita<\/option><option value=\"Vozilo\">Vozilo<\/option><option value=\"Motor za vozilo\">Motor za vozilo<\/option><option value=\"Ostalo\">Ostalo<\/option><\/select><\/span>\n<\/p>\n<p><span class=\"wpcf7-form-control-wrap\" data-name=\"your-message\"><textarea cols=\"40\" rows=\"10\" maxlength=\"2000\" class=\"wpcf7-form-control wpcf7-textarea wpcf7-validates-as-required\" aria-required=\"true\" aria-invalid=\"false\" placeholder=\"Va\u0161a poruka\" name=\"your-message\"><\/textarea><\/span>\n<\/p>\n<p><input class=\"wpcf7-form-control wpcf7-submit has-spinner\" type=\"submit\" value=\"\u00c9rdekl\u0151d\u00e9s k\u00fcld\u00e9se\" \/>\n<\/p><div class=\"wpcf7-response-output\" aria-hidden=\"true\"><\/div>\n<input type=\"hidden\" name=\"trp-form-language\" value=\"hu\"\/><\/form>\n<\/div>\n<div class=\"cz_gap clr\" style=\"height: 10px\"><\/div><\/div><\/div><\/div><\/div><\/div><\/div><\/div><\/div><div class=\"wpb_column vc_column_container vc_col-sm-12 vc_col-md-6\"><div class=\"vc_column-inner vc_custom_1552211933367\"><div class=\"wpb_wrapper\"><div class=\"cz_gap clr  hide_on_mobile\" style=\"height: 25px\"><\/div><div class=\"cz_gap show_on_mobile clr\" style=\"height: 75px\"><\/div><div id=\"cz_93681\" class=\"cz_93681 cz_title clr cz_mobile_text_center cz_title_has_icon cz_title_pos_inline\"><a href=\"tel:#\"><div class=\"cz_title_content\"><i class=\"cz_title_icon_before fa czico-123-call\"><\/i><div class=\"cz_wpe_content\"><h3><strong><span style=\"font-size: 30px; color: #000000;\">Telefon<\/span><\/strong><\/h3>\n<div><span class=\"cz_info_2\" style=\"font-size: 22px; color: #666666; font-weight: 300;\">+385 91 24 00 000<\/span><\/div>\n<\/div><\/div><\/a><\/div><div class=\"cz_gap clr\" style=\"height: 25px\"><\/div><div id=\"cz_60560\" class=\"cz_60560 cz_title clr cz_mobile_text_center cz_title_has_icon cz_title_pos_inline\"><a href=\"mailto:info@motorcentar.hr\"><div class=\"cz_title_content\"><i class=\"cz_title_icon_before fa czico-010-support\"><\/i><div class=\"cz_wpe_content\"><h3><strong><span style=\"font-size: 30px; color: #000000;\">Mail<\/span><\/strong><\/h3>\n<div><span class=\"cz_info_2\" style=\"font-size: 22px; color: #666666; font-weight: 300;\">info@motorcentar.hr<\/span><\/div>\n<\/div><\/div><\/a><\/div><\/div><\/div><\/div><\/div><div class=\"vc_row wpb_row vc_row-fluid\"><div class=\"wpb_column vc_column_container vc_col-sm-12\"><div class=\"vc_column-inner\"><div class=\"wpb_wrapper\"><div class=\"cz_gap clr\" style=\"height: 100px\"><\/div><\/div><\/div><\/div><\/div>\n<\/div>","protected":false},"excerpt":{"rendered":"Kontaktirajte nas Vrsta upitaVoziloMotor za voziloOstalo Telefon +385 91 24 00 000 Mail info@motorcentar.hr","protected":false},"author":1,"featured_media":0,"parent":0,"menu_order":0,"comment_status":"closed","ping_status":"closed","template":"","meta":{"_monsterinsights_skip_tracking":false,"_monsterinsights_sitenote_active":false,"_monsterinsights_sitenote_note":"","_monsterinsights_sitenote_category":0,"footnotes":""},"class_list":["post-18","page","type-page","status-publish","hentry"],"acf":[],"yoast_head":"<!-- This site is optimized with the Yoast SEO plugin v26.9 - https:\/\/yoast.com\/product\/yoast-seo-wordpress\/ -->\n<title>Kontakt - Motor Centar d.o.o.<\/title>\n<meta name=\"robots\" content=\"index, follow, max-snippet:-1, max-image-preview:large, max-video-preview:-1\" \/>\n<link rel=\"canonical\" href=\"https:\/\/motorcentar.hr\/hu\/kontakt\/\" \/>\n<meta property=\"og:locale\" content=\"hu_HU\" \/>\n<meta property=\"og:type\" content=\"article\" \/>\n<meta property=\"og:title\" content=\"Kontakt - Motor Centar d.o.o.\" \/>\n<meta property=\"og:url\" content=\"https:\/\/motorcentar.hr\/hu\/kontakt\/\" \/>\n<meta property=\"og:site_name\" content=\"Motor Centar d.o.o.\" \/>\n<meta property=\"article:modified_time\" content=\"2026-01-02T19:16:55+00:00\" \/>\n<meta property=\"og:image\" content=\"https:\/\/motorcentar.hr\/wp-content\/uploads\/2023\/04\/0-02-05-8d997bec49679ca8a17d7cf00f32ff84756e88dfba0dacc5d34cdff76a7075e3_b11c1589b608d9d5.jpg\" \/>\n\t<meta property=\"og:image:width\" content=\"1600\" \/>\n\t<meta property=\"og:image:height\" content=\"720\" \/>\n\t<meta property=\"og:image:type\" content=\"image\/jpeg\" \/>\n<meta name=\"twitter:card\" content=\"summary_large_image\" \/>\n<meta name=\"twitter:label1\" content=\"Becs\u00fclt olvas\u00e1si id\u0151\" \/>\n\t<meta name=\"twitter:data1\" content=\"1 perc\" \/>\n<script type=\"application\/ld+json\" class=\"yoast-schema-graph\">{\"@context\":\"https:\/\/schema.org\",\"@graph\":[{\"@type\":\"WebPage\",\"@id\":\"https:\/\/motorcentar.hr\/kontakt\/\",\"url\":\"https:\/\/motorcentar.hr\/kontakt\/\",\"name\":\"Kontakt - Motor Centar d.o.o.\",\"isPartOf\":{\"@id\":\"https:\/\/motorcentar.hr\/#website\"},\"datePublished\":\"2017-06-10T08:25:52+00:00\",\"dateModified\":\"2026-01-02T19:16:55+00:00\",\"breadcrumb\":{\"@id\":\"https:\/\/motorcentar.hr\/kontakt\/#breadcrumb\"},\"inLanguage\":\"hu\",\"potentialAction\":[{\"@type\":\"ReadAction\",\"target\":[\"https:\/\/motorcentar.hr\/kontakt\/\"]}]},{\"@type\":\"BreadcrumbList\",\"@id\":\"https:\/\/motorcentar.hr\/kontakt\/#breadcrumb\",\"itemListElement\":[{\"@type\":\"ListItem\",\"position\":1,\"name\":\"Po\u010detna stranica\",\"item\":\"https:\/\/motorcentar.hr\/\"},{\"@type\":\"ListItem\",\"position\":2,\"name\":\"Kontakt\"}]},{\"@type\":\"WebSite\",\"@id\":\"https:\/\/motorcentar.hr\/#website\",\"url\":\"https:\/\/motorcentar.hr\/\",\"name\":\"Motor Centar d.o.o.\",\"description\":\"dobavlja\u010d rabljenih motora\",\"publisher\":{\"@id\":\"https:\/\/motorcentar.hr\/#organization\"},\"potentialAction\":[{\"@type\":\"SearchAction\",\"target\":{\"@type\":\"EntryPoint\",\"urlTemplate\":\"https:\/\/motorcentar.hr\/?s={search_term_string}\"},\"query-input\":{\"@type\":\"PropertyValueSpecification\",\"valueRequired\":true,\"valueName\":\"search_term_string\"}}],\"inLanguage\":\"hu\"},{\"@type\":\"Organization\",\"@id\":\"https:\/\/motorcentar.hr\/#organization\",\"name\":\"Motor Centar d.o.o.\",\"url\":\"https:\/\/motorcentar.hr\/\",\"logo\":{\"@type\":\"ImageObject\",\"inLanguage\":\"hu\",\"@id\":\"https:\/\/motorcentar.hr\/#\/schema\/logo\/image\/\",\"url\":\"https:\/\/motorcentar.hr\/wp-content\/uploads\/2023\/04\/0-02-05-37028a27aaa200c272f71543794c852f210a09bbe2f325aa0348a1eb93b51753_beb4ff5acf141f32.jpg\",\"contentUrl\":\"https:\/\/motorcentar.hr\/wp-content\/uploads\/2023\/04\/0-02-05-37028a27aaa200c272f71543794c852f210a09bbe2f325aa0348a1eb93b51753_beb4ff5acf141f32.jpg\",\"width\":852,\"height\":156,\"caption\":\"Motor Centar d.o.o.\"},\"image\":{\"@id\":\"https:\/\/motorcentar.hr\/#\/schema\/logo\/image\/\"}}]}<\/script>\n<!-- \/ Yoast SEO plugin. -->","yoast_head_json":{"title":"Kontakt - Motor Centar d.o.o.","robots":{"index":"index","follow":"follow","max-snippet":"max-snippet:-1","max-image-preview":"max-image-preview:large","max-video-preview":"max-video-preview:-1"},"canonical":"https:\/\/motorcentar.hr\/hu\/kontakt\/","og_locale":"hu_HU","og_type":"article","og_title":"Kontakt - Motor Centar d.o.o.","og_url":"https:\/\/motorcentar.hr\/hu\/kontakt\/","og_site_name":"Motor Centar d.o.o.","article_modified_time":"2026-01-02T19:16:55+00:00","og_image":[{"width":1600,"height":720,"url":"https:\/\/motorcentar.hr\/wp-content\/uploads\/2023\/04\/0-02-05-8d997bec49679ca8a17d7cf00f32ff84756e88dfba0dacc5d34cdff76a7075e3_b11c1589b608d9d5.jpg","type":"image\/jpeg"}],"twitter_card":"summary_large_image","twitter_misc":{"Becs\u00fclt olvas\u00e1si id\u0151":"1 perc"},"schema":{"@context":"https:\/\/schema.org","@graph":[{"@type":"WebPage","@id":"https:\/\/motorcentar.hr\/kontakt\/","url":"https:\/\/motorcentar.hr\/kontakt\/","name":"Kontakt - Motor Centar d.o.o.","isPartOf":{"@id":"https:\/\/motorcentar.hr\/#website"},"datePublished":"2017-06-10T08:25:52+00:00","dateModified":"2026-01-02T19:16:55+00:00","breadcrumb":{"@id":"https:\/\/motorcentar.hr\/kontakt\/#breadcrumb"},"inLanguage":"hu","potentialAction":[{"@type":"ReadAction","target":["https:\/\/motorcentar.hr\/kontakt\/"]}]},{"@type":"BreadcrumbList","@id":"https:\/\/motorcentar.hr\/kontakt\/#breadcrumb","itemListElement":[{"@type":"ListItem","position":1,"name":"Po\u010detna stranica","item":"https:\/\/motorcentar.hr\/"},{"@type":"ListItem","position":2,"name":"Kontakt"}]},{"@type":"WebSite","@id":"https:\/\/motorcentar.hr\/#website","url":"https:\/\/motorcentar.hr\/","name":"Motor Centar d.o.o.","description":"dobavlja\u010d rabljenih motora","publisher":{"@id":"https:\/\/motorcentar.hr\/#organization"},"potentialAction":[{"@type":"SearchAction","target":{"@type":"EntryPoint","urlTemplate":"https:\/\/motorcentar.hr\/?s={search_term_string}"},"query-input":{"@type":"PropertyValueSpecification","valueRequired":true,"valueName":"search_term_string"}}],"inLanguage":"hu"},{"@type":"Organization","@id":"https:\/\/motorcentar.hr\/#organization","name":"Motor Centar d.o.o.","url":"https:\/\/motorcentar.hr\/","logo":{"@type":"ImageObject","inLanguage":"hu","@id":"https:\/\/motorcentar.hr\/#\/schema\/logo\/image\/","url":"https:\/\/motorcentar.hr\/wp-content\/uploads\/2023\/04\/0-02-05-37028a27aaa200c272f71543794c852f210a09bbe2f325aa0348a1eb93b51753_beb4ff5acf141f32.jpg","contentUrl":"https:\/\/motorcentar.hr\/wp-content\/uploads\/2023\/04\/0-02-05-37028a27aaa200c272f71543794c852f210a09bbe2f325aa0348a1eb93b51753_beb4ff5acf141f32.jpg","width":852,"height":156,"caption":"Motor Centar d.o.o."},"image":{"@id":"https:\/\/motorcentar.hr\/#\/schema\/logo\/image\/"}}]}},"jetpack_sharing_enabled":true,"_links":{"self":[{"href":"https:\/\/motorcentar.hr\/hu\/wp-json\/wp\/v2\/pages\/18","targetHints":{"allow":["GET"]}}],"collection":[{"href":"https:\/\/motorcentar.hr\/hu\/wp-json\/wp\/v2\/pages"}],"about":[{"href":"https:\/\/motorcentar.hr\/hu\/wp-json\/wp\/v2\/types\/page"}],"author":[{"embeddable":true,"href":"https:\/\/motorcentar.hr\/hu\/wp-json\/wp\/v2\/users\/1"}],"replies":[{"embeddable":true,"href":"https:\/\/motorcentar.hr\/hu\/wp-json\/wp\/v2\/comments?post=18"}],"version-history":[{"count":10,"href":"https:\/\/motorcentar.hr\/hu\/wp-json\/wp\/v2\/pages\/18\/revisions"}],"predecessor-version":[{"id":4889,"href":"https:\/\/motorcentar.hr\/hu\/wp-json\/wp\/v2\/pages\/18\/revisions\/4889"}],"wp:attachment":[{"href":"https:\/\/motorcentar.hr\/hu\/wp-json\/wp\/v2\/media?parent=18"}],"curies":[{"name":"wp","href":"https:\/\/api.w.org\/{rel}","templated":true}]}}