{"id":4466,"date":"2025-10-11T09:46:57","date_gmt":"2025-10-11T09:46:57","guid":{"rendered":"https:\/\/motorcentar.hr\/?page_id=4466"},"modified":"2025-10-11T12:01:47","modified_gmt":"2025-10-11T12:01:47","slug":"otkup-neispravnih-vozila","status":"publish","type":"page","link":"https:\/\/motorcentar.hr\/hu\/otkup-neispravnih-vozila\/","title":{"rendered":"Otkup neispravnih vozila"},"content":{"rendered":"<div class=\"wpb-content-wrapper\"><div class=\"vc_row wpb_row vc_row-fluid\"><div class=\"wpb_column vc_column_container vc_col-sm-12\"><div class=\"vc_column-inner\"><div class=\"wpb_wrapper\"><div class=\"cz_gap clr  hide_on_mobile\" style=\"height: 40px\"><\/div><div class=\"cz_gap show_on_mobile clr\" style=\"height: 0px\"><\/div><\/div><\/div><\/div><\/div><div class=\"vc_row wpb_row vc_row-fluid vc_row-o-content-middle vc_row-flex\"><div class=\"wpb_column vc_column_container vc_col-sm-12 vc_col-md-6\"><div class=\"vc_column-inner vc_custom_1586160355222\"><div class=\"wpb_wrapper\"><div id=\"cz_110938\" class=\"cz_110938 cz_title clr cz_mobile_text_center cz_title_pos_inline\"><div class=\"cz_title_content\"><div class=\"cz_wpe_content\"><h3><span style=\"font-size: 36px;\">Otkup ispravnih, neispravnih i karamboliranih vozila <\/span><\/h3>\n<\/div><\/div><\/div><div class=\"cz_gap clr  hide_on_mobile\" style=\"height: 35px\"><\/div><div class=\"cz_gap show_on_mobile clr\" style=\"height: 20px\"><\/div><div id=\"cz_62121\" class=\"cz_62121 cz_title clr cz_mobile_text_center cz_title_pos_inline\"><div class=\"cz_title_content\"><div class=\"cz_wpe_content\"><p><span style=\"color: #666666; font-size: 18px;\">Imate vozilo koje stoji, neispravno je, karambolirano ili jednostavno \u017eelite brzo prodati ispravan auto? Motor Centar nudi najbr\u017ee i najjednostavnije rje\u0161enje za otkup svih vrsta vozila, bez obzira na stanje.<\/span><\/p>\n<\/div><\/div><\/div><div class=\"cz_gap clr  hide_on_mobile\" style=\"height: 35px\"><\/div><div class=\"cz_gap show_on_mobile clr\" style=\"height: 20px\"><\/div><div id=\"cz_110814\" class=\"cz_110814 cz_title clr cz_mobile_text_center cz_title_pos_inline\"><div class=\"cz_title_content\"><div class=\"cz_wpe_content\"><p><span style=\"font-size: 18px; color: #666666;\"><strong>Otkupit \u0107emo Va\u0161e vozilo bez obzira na<\/strong>:<br \/>\nStanje: Neispravno, ispravno, o\u0161te\u0107eno, karambolirano (totalna \u0161teta), registrirano ili neregistrirano.<br \/>\nTip: Osobna vozila (automobili) i Gospodarska vozila (kombi vozila, kamioni, dostavna vozila).<br \/>\nMarku\/Starost: Sva godi\u0161ta i sve marke (Audi, VW, BMW, Mercedes, Renault, Peugeot, Ford, Opel, Fiat i svi ostali)<\/span><\/p>\n<\/div><\/div><\/div><div class=\"cz_gap clr\" style=\"height: 30px\"><\/div><\/div><\/div><\/div><div class=\"wpb_column vc_column_container vc_col-sm-12 vc_col-md-6\"><div class=\"vc_column-inner vc_custom_1551614408222\"><div class=\"wpb_wrapper\"><div id=\"cz_89910\" data-position=\"top-right\" class=\"cz_89910 cz_image clr cz_image_no_fx center_on_mobile\"><div class=\"\" ><div class=\"cz_image_in\"><div class=\"cz_main_image\"><img loading=\"lazy\" decoding=\"async\" width=\"1024\" height=\"572\" src=\"https:\/\/motorcentar.hr\/wp-content\/uploads\/2025\/10\/parking-spot-825371_1280-e1760183672933-1024x572.jpg\" class=\"attachment-large\" alt=\"\" title=\"parking-spot-825371_1280\" srcset=\"https:\/\/motorcentar.hr\/wp-content\/uploads\/2025\/10\/parking-spot-825371_1280-e1760183672933-1024x572.jpg 1024w, https:\/\/motorcentar.hr\/wp-content\/uploads\/2025\/10\/parking-spot-825371_1280-e1760183672933-300x168.jpg 300w, https:\/\/motorcentar.hr\/wp-content\/uploads\/2025\/10\/parking-spot-825371_1280-e1760183672933-150x84.jpg 150w, https:\/\/motorcentar.hr\/wp-content\/uploads\/2025\/10\/parking-spot-825371_1280-e1760183672933-768x429.jpg 768w, https:\/\/motorcentar.hr\/wp-content\/uploads\/2025\/10\/parking-spot-825371_1280-e1760183672933-18x10.jpg 18w, https:\/\/motorcentar.hr\/wp-content\/uploads\/2025\/10\/parking-spot-825371_1280-e1760183672933-600x335.jpg 600w, https:\/\/motorcentar.hr\/wp-content\/uploads\/2025\/10\/parking-spot-825371_1280-e1760183672933-1000x559.jpg 1000w, https:\/\/motorcentar.hr\/wp-content\/uploads\/2025\/10\/parking-spot-825371_1280-e1760183672933.jpg 1088w\" sizes=\"auto, (max-width: 1024px) 100vw, 1024px\" \/><\/div><\/div><\/div><\/div><\/div><\/div><\/div><\/div><div class=\"vc_row wpb_row vc_row-fluid\"><div class=\"wpb_column vc_column_container vc_col-sm-12\"><div class=\"vc_column-inner\"><div class=\"wpb_wrapper\"><div class=\"cz_gap clr\" style=\"height: 30px\"><\/div><div id=\"cz_58302\" class=\"cz_58302 cz_title clr cz_mobile_text_center cz_title_pos_inline tac\"><div class=\"cz_title_content\"><div class=\"cz_wpe_content\"><h3 style=\"text-align: center;\">3 jednostavna koraka do isplate<\/h3>\n<p style=\"text-align: center;\"><span style=\"font-size: 18px; color: #666666;\"><strong>Proces otkupa kod nas je transparentan, brz i bez skrivenih tro\u0161kova.<\/strong><\/span><\/p>\n<\/div><\/div><\/div><div class=\"vc_row wpb_row vc_inner vc_row-fluid\"><div class=\"wpb_column vc_column_container vc_col-sm-4\"><div class=\"vc_column-inner\"><div class=\"wpb_wrapper\"><div id=\"cz_37505\" class=\"cz_37505 cz_title clr cz_mobile_text_center cz_title_pos_inline\"><div class=\"cz_title_content\"><div class=\"cz_wpe_content\"><p><span style=\"font-size: 18px; color: #666666;\"><strong>1. KONTAKTIRAJTE NAS<\/strong>: Po\u0161aljite nam upit putem obrasca na stranici ili nas nazovite. Dajte nam osnovne informacije o Va\u0161em vozilu (marka, model, godi\u0161te, stanje i opseg o\u0161te\u0107enja\/kvarova).<\/span><\/p>\n<\/div><\/div><\/div><\/div><\/div><\/div><div class=\"wpb_column vc_column_container vc_col-sm-4\"><div class=\"vc_column-inner\"><div class=\"wpb_wrapper\"><div id=\"cz_11897\" class=\"cz_11897 cz_title clr cz_mobile_text_center cz_title_pos_inline\"><div class=\"cz_title_content\"><div class=\"cz_wpe_content\"><p><span style=\"font-size: 18px; color: #666666;\"><strong>2. BRZA PROCJENA I PONUDA<\/strong>: Na temelju Va\u0161ih informacija i stanja vozila, na\u0161 tim \u0107e u najkra\u0107em mogu\u0107em roku napraviti besplatnu i neobvezuju\u0107u procjenu te Vam ponuditi fer cijenu.<\/span><\/p>\n<\/div><\/div><\/div><\/div><\/div><\/div><div class=\"wpb_column vc_column_container vc_col-sm-4\"><div class=\"vc_column-inner\"><div class=\"wpb_wrapper\"><div id=\"cz_30053\" class=\"cz_30053 cz_title clr cz_mobile_text_center cz_title_pos_inline\"><div class=\"cz_title_content\"><div class=\"cz_wpe_content\"><p><span style=\"font-size: 18px; color: #666666;\"><strong>3. ISPLATA I ODVOZ<\/strong>: Ako prihvatite ponudu, dolazimo na Va\u0161u lokaciju u dogovorenom terminu. Pla\u0107anje obavljamo odmah na licu mjesta (gotovina ili uplata na ra\u010dun), a mi se brinemo za besplatan odvoz vozila.<\/span><\/p>\n<\/div><\/div><\/div><\/div><\/div><\/div><\/div><div class=\"cz_gap clr  hide_on_mobile\" style=\"height: 140px\"><\/div><div class=\"cz_gap show_on_mobile clr\" style=\"height: 100px\"><\/div><\/div><\/div><\/div><\/div><div class=\"vc_row wpb_row vc_row-fluid vc_custom_1497126171788 vc_row-has-fill\"><div class=\"wpb_column vc_column_container vc_col-sm-12 vc_col-md-6\"><div class=\"vc_column-inner\"><div class=\"wpb_wrapper\"><div class=\"cz_eqh cz_content_box_parent_fx\"><div id=\"cz_88919\" class=\"cz_88919 cz_content_box clr cz_svg_bg\"><div class=\"cz_box_front clr\"><div class=\"cz_box_front_inner clr\"><span><\/span><div><div id=\"cz_18735\" class=\"cz_18735 cz_title clr cz_mobile_text_center cz_title_pos_inline\"><div class=\"cz_title_content\"><div class=\"cz_wpe_content\"><h3><span style=\"font-size: 26px;\">Kontaktirajte nas u vezi ponude<\/span><\/h3>\n<\/div><\/div><\/div><div class=\"cz_gap clr\" style=\"height: 50px\"><\/div>\n<div class=\"wpcf7 no-js\" id=\"wpcf7-f4486-o1\" lang=\"hr\" dir=\"ltr\" data-wpcf7-id=\"4486\">\n<div class=\"screen-reader-response\"><p role=\"status\" aria-live=\"polite\" aria-atomic=\"true\"><\/p> <ul><\/ul><\/div>\n<form action=\"\/hu\/wp-json\/wp\/v2\/pages\/4466#wpcf7-f4486-o1\" method=\"post\" class=\"wpcf7-form init\" aria-label=\"Kontakt obrazac\" novalidate=\"novalidate\" data-status=\"init\" data-trp-original-action=\"\/hu\/wp-json\/wp\/v2\/pages\/4466#wpcf7-f4486-o1\">\n<fieldset class=\"hidden-fields-container\"><input type=\"hidden\" name=\"_wpcf7\" value=\"4486\" \/><input type=\"hidden\" name=\"_wpcf7_version\" value=\"6.1.5\" \/><input type=\"hidden\" name=\"_wpcf7_locale\" value=\"hr\" \/><input type=\"hidden\" name=\"_wpcf7_unit_tag\" value=\"wpcf7-f4486-o1\" \/><input type=\"hidden\" name=\"_wpcf7_container_post\" value=\"0\" \/><input type=\"hidden\" name=\"_wpcf7_posted_data_hash\" value=\"\" \/>\n<\/fieldset>\n<p><label> A neved <span class=\"wpcf7-form-control-wrap\" data-name=\"your-name\"><input size=\"40\" maxlength=\"400\" class=\"wpcf7-form-control wpcf7-text wpcf7-validates-as-required\" autocomplete=\"name\" aria-required=\"true\" aria-invalid=\"false\" value=\"\" type=\"text\" name=\"your-name\" \/><\/span> <\/label><br \/>\n<label> Az \u00d6n e-mail c\u00edme <span class=\"wpcf7-form-control-wrap\" data-name=\"your-email\"><input size=\"40\" maxlength=\"400\" class=\"wpcf7-form-control wpcf7-email wpcf7-validates-as-required wpcf7-text wpcf7-validates-as-email\" autocomplete=\"email\" aria-required=\"true\" aria-invalid=\"false\" value=\"\" type=\"email\" name=\"your-email\" \/><\/span> <\/label><br \/>\n<label> Telefon <span class=\"wpcf7-form-control-wrap\" data-name=\"your-subject-telefon\"><input size=\"40\" maxlength=\"400\" class=\"wpcf7-form-control wpcf7-text wpcf7-validates-as-required\" aria-required=\"true\" aria-invalid=\"false\" value=\"\" type=\"text\" name=\"your-subject-telefon\" \/><\/span> <\/label><br \/>\n<label> J\u00e1rm\u0171 alv\u00e1zsz\u00e1ma <span class=\"wpcf7-form-control-wrap\" data-name=\"your-subject-broj\"><input size=\"40\" maxlength=\"400\" class=\"wpcf7-form-control wpcf7-text wpcf7-validates-as-required\" aria-required=\"true\" aria-invalid=\"false\" value=\"\" type=\"text\" name=\"your-subject-broj\" \/><\/span> <\/label>\n<\/p>\n<p><span class=\"wpcf7-form-control-wrap\" data-name=\"menu-178\"><select class=\"wpcf7-form-control wpcf7-select\" aria-invalid=\"false\" name=\"menu-178\"><option value=\"Vrsta vozila\">Vrsta vozila<\/option><option value=\"Osobno vozilo\">Osobno vozilo<\/option><option value=\"Teretno vozilo\">Teretno vozilo<\/option><option value=\"Ostalo\">Ostalo<\/option><\/select><\/span>\n<\/p>\n<p><span class=\"wpcf7-form-control-wrap\" data-name=\"menu-179\"><select class=\"wpcf7-form-control wpcf7-select\" aria-invalid=\"false\" name=\"menu-179\"><option value=\"Stanje vozila\">Stanje vozila<\/option><option value=\"Ispravno\">Ispravno<\/option><option value=\"Neispravno\">Neispravno<\/option><option value=\"Karambolirano\">Karambolirano<\/option><\/select><\/span>\n<\/p>\n<p><label> T\u00e9ma <span class=\"wpcf7-form-control-wrap\" data-name=\"your-subject\"><input size=\"40\" maxlength=\"400\" class=\"wpcf7-form-control wpcf7-text wpcf7-validates-as-required\" aria-required=\"true\" aria-invalid=\"false\" value=\"\" type=\"text\" name=\"your-subject\" \/><\/span> <\/label><br \/>\n<label> Va\u0161a poruka <span class=\"wpcf7-form-control-wrap\" data-name=\"your-message\"><textarea cols=\"40\" rows=\"10\" maxlength=\"2000\" class=\"wpcf7-form-control wpcf7-textarea wpcf7-validates-as-required\" aria-required=\"true\" aria-invalid=\"false\" name=\"your-message\"><\/textarea><\/span> <\/label><br \/>\n<input class=\"wpcf7-form-control wpcf7-submit has-spinner\" type=\"submit\" value=\"\u00c9rdekl\u0151d\u00e9s k\u00fcld\u00e9se\" \/>\n<\/p><div class=\"wpcf7-response-output\" aria-hidden=\"true\"><\/div>\n<input type=\"hidden\" name=\"trp-form-language\" value=\"hu\"\/><\/form>\n<\/div>\n<\/div><\/div><\/div><\/div><\/div><\/div><\/div><\/div><div class=\"wpb_column vc_column_container vc_col-sm-12 vc_col-md-6\"><div class=\"vc_column-inner vc_custom_1552211933367\"><div class=\"wpb_wrapper\"><div class=\"cz_gap clr  hide_on_mobile\" style=\"height: 25px\"><\/div><div class=\"cz_gap show_on_mobile clr\" style=\"height: 75px\"><\/div><div id=\"cz_93681\" class=\"cz_93681 cz_title clr cz_mobile_text_center cz_title_has_icon cz_title_pos_inline\"><a href=\"tel:#\"><div class=\"cz_title_content\"><i class=\"cz_title_icon_before fa czico-123-call\"><\/i><div class=\"cz_wpe_content\"><h3><strong><span style=\"font-size: 30px; color: #000000;\">Telefon<\/span><\/strong><\/h3>\n<div><span class=\"cz_info_2\" style=\"font-size: 22px; color: #666666; font-weight: 300;\">+385 91 24 00 000<\/span><\/div>\n<\/div><\/div><\/a><\/div><div class=\"cz_gap clr\" style=\"height: 25px\"><\/div><div id=\"cz_60560\" class=\"cz_60560 cz_title clr cz_mobile_text_center cz_title_has_icon cz_title_pos_inline\"><a href=\"mailto:info@motorcentar.hr\"><div class=\"cz_title_content\"><i class=\"cz_title_icon_before fa czico-010-support\"><\/i><div class=\"cz_wpe_content\"><h3><strong><span style=\"font-size: 30px; color: #000000;\">Mail<\/span><\/strong><\/h3>\n<div><span class=\"cz_info_2\" style=\"font-size: 22px; color: #666666; font-weight: 300;\">info@motorcentar.hr<\/span><\/div>\n<\/div><\/div><\/a><\/div><div class=\"cz_gap clr\" style=\"height: 25px\"><\/div><div id=\"cz_103016\" class=\"cz_103016 cz_title clr cz_mobile_text_center cz_title_pos_inline\"><div class=\"cz_title_content\"><div class=\"cz_wpe_content\"><p><span style=\"font-size: 18px; color: #666666;\"><br \/>\n*slike vozila mo\u017eete poslati i na whatsup<\/span><\/p>\n<\/div><\/div><\/div><\/div><\/div><\/div><\/div><div class=\"vc_row wpb_row vc_row-fluid\"><div class=\"wpb_column vc_column_container vc_col-sm-12\"><div class=\"vc_column-inner\"><div class=\"wpb_wrapper\"><div class=\"cz_gap clr\" style=\"height: 100px\"><\/div><\/div><\/div><\/div><\/div>\n<\/div>","protected":false},"excerpt":{"rendered":"Otkup ispravnih, neispravnih i karamboliranih vozila Imate vozilo koje stoji, neispravno je, karambolirano ili jednostavno \u017eelite brzo prodati ispravan auto?","protected":false},"author":1,"featured_media":0,"parent":0,"menu_order":0,"comment_status":"closed","ping_status":"closed","template":"","meta":{"_monsterinsights_skip_tracking":false,"_monsterinsights_sitenote_active":false,"_monsterinsights_sitenote_note":"","_monsterinsights_sitenote_category":0,"footnotes":""},"class_list":["post-4466","page","type-page","status-publish","hentry"],"acf":[],"yoast_head":"<!-- This site is optimized with the Yoast SEO plugin v26.9 - https:\/\/yoast.com\/product\/yoast-seo-wordpress\/ -->\n<title>Otkup neispravnih vozila - Motor Centar d.o.o.<\/title>\n<meta name=\"robots\" content=\"index, follow, max-snippet:-1, max-image-preview:large, max-video-preview:-1\" \/>\n<link rel=\"canonical\" href=\"https:\/\/motorcentar.hr\/hu\/otkup-neispravnih-vozila\/\" \/>\n<meta property=\"og:locale\" content=\"hu_HU\" \/>\n<meta property=\"og:type\" content=\"article\" \/>\n<meta property=\"og:title\" content=\"Otkup neispravnih vozila - Motor Centar d.o.o.\" \/>\n<meta property=\"og:url\" content=\"https:\/\/motorcentar.hr\/hu\/otkup-neispravnih-vozila\/\" \/>\n<meta property=\"og:site_name\" content=\"Motor Centar d.o.o.\" \/>\n<meta property=\"article:modified_time\" content=\"2025-10-11T12:01:47+00:00\" \/>\n<meta property=\"og:image\" content=\"https:\/\/motorcentar.hr\/wp-content\/uploads\/2023\/04\/0-02-05-8d997bec49679ca8a17d7cf00f32ff84756e88dfba0dacc5d34cdff76a7075e3_b11c1589b608d9d5.jpg\" \/>\n\t<meta property=\"og:image:width\" content=\"1600\" \/>\n\t<meta property=\"og:image:height\" content=\"720\" \/>\n\t<meta property=\"og:image:type\" content=\"image\/jpeg\" \/>\n<meta name=\"twitter:card\" content=\"summary_large_image\" \/>\n<meta name=\"twitter:label1\" content=\"Becs\u00fclt olvas\u00e1si id\u0151\" \/>\n\t<meta name=\"twitter:data1\" content=\"2 perc\" \/>\n<script type=\"application\/ld+json\" class=\"yoast-schema-graph\">{\"@context\":\"https:\/\/schema.org\",\"@graph\":[{\"@type\":\"WebPage\",\"@id\":\"https:\/\/motorcentar.hr\/otkup-neispravnih-vozila\/\",\"url\":\"https:\/\/motorcentar.hr\/otkup-neispravnih-vozila\/\",\"name\":\"Otkup neispravnih vozila - Motor Centar d.o.o.\",\"isPartOf\":{\"@id\":\"https:\/\/motorcentar.hr\/#website\"},\"datePublished\":\"2025-10-11T09:46:57+00:00\",\"dateModified\":\"2025-10-11T12:01:47+00:00\",\"breadcrumb\":{\"@id\":\"https:\/\/motorcentar.hr\/otkup-neispravnih-vozila\/#breadcrumb\"},\"inLanguage\":\"hu\",\"potentialAction\":[{\"@type\":\"ReadAction\",\"target\":[\"https:\/\/motorcentar.hr\/otkup-neispravnih-vozila\/\"]}]},{\"@type\":\"BreadcrumbList\",\"@id\":\"https:\/\/motorcentar.hr\/otkup-neispravnih-vozila\/#breadcrumb\",\"itemListElement\":[{\"@type\":\"ListItem\",\"position\":1,\"name\":\"Po\u010detna stranica\",\"item\":\"https:\/\/motorcentar.hr\/\"},{\"@type\":\"ListItem\",\"position\":2,\"name\":\"Otkup neispravnih vozila\"}]},{\"@type\":\"WebSite\",\"@id\":\"https:\/\/motorcentar.hr\/#website\",\"url\":\"https:\/\/motorcentar.hr\/\",\"name\":\"Motor Centar d.o.o.\",\"description\":\"dobavlja\u010d rabljenih motora\",\"publisher\":{\"@id\":\"https:\/\/motorcentar.hr\/#organization\"},\"potentialAction\":[{\"@type\":\"SearchAction\",\"target\":{\"@type\":\"EntryPoint\",\"urlTemplate\":\"https:\/\/motorcentar.hr\/?s={search_term_string}\"},\"query-input\":{\"@type\":\"PropertyValueSpecification\",\"valueRequired\":true,\"valueName\":\"search_term_string\"}}],\"inLanguage\":\"hu\"},{\"@type\":\"Organization\",\"@id\":\"https:\/\/motorcentar.hr\/#organization\",\"name\":\"Motor Centar d.o.o.\",\"url\":\"https:\/\/motorcentar.hr\/\",\"logo\":{\"@type\":\"ImageObject\",\"inLanguage\":\"hu\",\"@id\":\"https:\/\/motorcentar.hr\/#\/schema\/logo\/image\/\",\"url\":\"https:\/\/motorcentar.hr\/wp-content\/uploads\/2023\/04\/0-02-05-37028a27aaa200c272f71543794c852f210a09bbe2f325aa0348a1eb93b51753_beb4ff5acf141f32.jpg\",\"contentUrl\":\"https:\/\/motorcentar.hr\/wp-content\/uploads\/2023\/04\/0-02-05-37028a27aaa200c272f71543794c852f210a09bbe2f325aa0348a1eb93b51753_beb4ff5acf141f32.jpg\",\"width\":852,\"height\":156,\"caption\":\"Motor Centar d.o.o.\"},\"image\":{\"@id\":\"https:\/\/motorcentar.hr\/#\/schema\/logo\/image\/\"}}]}<\/script>\n<!-- \/ Yoast SEO plugin. -->","yoast_head_json":{"title":"Otkup neispravnih vozila - Motor Centar d.o.o.","robots":{"index":"index","follow":"follow","max-snippet":"max-snippet:-1","max-image-preview":"max-image-preview:large","max-video-preview":"max-video-preview:-1"},"canonical":"https:\/\/motorcentar.hr\/hu\/otkup-neispravnih-vozila\/","og_locale":"hu_HU","og_type":"article","og_title":"Otkup neispravnih vozila - Motor Centar d.o.o.","og_url":"https:\/\/motorcentar.hr\/hu\/otkup-neispravnih-vozila\/","og_site_name":"Motor Centar d.o.o.","article_modified_time":"2025-10-11T12:01:47+00:00","og_image":[{"width":1600,"height":720,"url":"https:\/\/motorcentar.hr\/wp-content\/uploads\/2023\/04\/0-02-05-8d997bec49679ca8a17d7cf00f32ff84756e88dfba0dacc5d34cdff76a7075e3_b11c1589b608d9d5.jpg","type":"image\/jpeg"}],"twitter_card":"summary_large_image","twitter_misc":{"Becs\u00fclt olvas\u00e1si id\u0151":"2 perc"},"schema":{"@context":"https:\/\/schema.org","@graph":[{"@type":"WebPage","@id":"https:\/\/motorcentar.hr\/otkup-neispravnih-vozila\/","url":"https:\/\/motorcentar.hr\/otkup-neispravnih-vozila\/","name":"Otkup neispravnih vozila - Motor Centar d.o.o.","isPartOf":{"@id":"https:\/\/motorcentar.hr\/#website"},"datePublished":"2025-10-11T09:46:57+00:00","dateModified":"2025-10-11T12:01:47+00:00","breadcrumb":{"@id":"https:\/\/motorcentar.hr\/otkup-neispravnih-vozila\/#breadcrumb"},"inLanguage":"hu","potentialAction":[{"@type":"ReadAction","target":["https:\/\/motorcentar.hr\/otkup-neispravnih-vozila\/"]}]},{"@type":"BreadcrumbList","@id":"https:\/\/motorcentar.hr\/otkup-neispravnih-vozila\/#breadcrumb","itemListElement":[{"@type":"ListItem","position":1,"name":"Po\u010detna stranica","item":"https:\/\/motorcentar.hr\/"},{"@type":"ListItem","position":2,"name":"Otkup neispravnih vozila"}]},{"@type":"WebSite","@id":"https:\/\/motorcentar.hr\/#website","url":"https:\/\/motorcentar.hr\/","name":"Motor Centar d.o.o.","description":"dobavlja\u010d rabljenih motora","publisher":{"@id":"https:\/\/motorcentar.hr\/#organization"},"potentialAction":[{"@type":"SearchAction","target":{"@type":"EntryPoint","urlTemplate":"https:\/\/motorcentar.hr\/?s={search_term_string}"},"query-input":{"@type":"PropertyValueSpecification","valueRequired":true,"valueName":"search_term_string"}}],"inLanguage":"hu"},{"@type":"Organization","@id":"https:\/\/motorcentar.hr\/#organization","name":"Motor Centar d.o.o.","url":"https:\/\/motorcentar.hr\/","logo":{"@type":"ImageObject","inLanguage":"hu","@id":"https:\/\/motorcentar.hr\/#\/schema\/logo\/image\/","url":"https:\/\/motorcentar.hr\/wp-content\/uploads\/2023\/04\/0-02-05-37028a27aaa200c272f71543794c852f210a09bbe2f325aa0348a1eb93b51753_beb4ff5acf141f32.jpg","contentUrl":"https:\/\/motorcentar.hr\/wp-content\/uploads\/2023\/04\/0-02-05-37028a27aaa200c272f71543794c852f210a09bbe2f325aa0348a1eb93b51753_beb4ff5acf141f32.jpg","width":852,"height":156,"caption":"Motor Centar d.o.o."},"image":{"@id":"https:\/\/motorcentar.hr\/#\/schema\/logo\/image\/"}}]}},"jetpack_sharing_enabled":true,"_links":{"self":[{"href":"https:\/\/motorcentar.hr\/hu\/wp-json\/wp\/v2\/pages\/4466","targetHints":{"allow":["GET"]}}],"collection":[{"href":"https:\/\/motorcentar.hr\/hu\/wp-json\/wp\/v2\/pages"}],"about":[{"href":"https:\/\/motorcentar.hr\/hu\/wp-json\/wp\/v2\/types\/page"}],"author":[{"embeddable":true,"href":"https:\/\/motorcentar.hr\/hu\/wp-json\/wp\/v2\/users\/1"}],"replies":[{"embeddable":true,"href":"https:\/\/motorcentar.hr\/hu\/wp-json\/wp\/v2\/comments?post=4466"}],"version-history":[{"count":20,"href":"https:\/\/motorcentar.hr\/hu\/wp-json\/wp\/v2\/pages\/4466\/revisions"}],"predecessor-version":[{"id":4489,"href":"https:\/\/motorcentar.hr\/hu\/wp-json\/wp\/v2\/pages\/4466\/revisions\/4489"}],"wp:attachment":[{"href":"https:\/\/motorcentar.hr\/hu\/wp-json\/wp\/v2\/media?parent=4466"}],"curies":[{"name":"wp","href":"https:\/\/api.w.org\/{rel}","templated":true}]}}