{"id":4413,"date":"2025-09-15T16:15:25","date_gmt":"2025-09-15T16:15:25","guid":{"rendered":"https:\/\/motorcentar.hr\/?post_type=product&#038;p=4413"},"modified":"2025-09-18T13:41:04","modified_gmt":"2025-09-18T13:41:04","slug":"skoda-octavia-1-4-tsi-motor-code-caxa","status":"publish","type":"product","link":"https:\/\/motorcentar.hr\/hu\/termek\/skoda-octavia-1-4-tsi-motor-code-caxa\/","title":{"rendered":"SKODA Octavia 1.4 TSI Motor code: CAXA"},"content":{"rendered":"","protected":false},"excerpt":{"rendered":"<p>\u0160koda Octavia II facelift (2009\u20132013), VW Golf VI (2008\u20132012, 1.4 TSI), &#8230; <\/p>","protected":false},"featured_media":2277,"template":"","meta":{"_monsterinsights_skip_tracking":false,"_monsterinsights_sitenote_active":false,"_monsterinsights_sitenote_note":"","_monsterinsights_sitenote_category":0},"product_brand":[],"product_cat":[131],"product_tag":[],"class_list":{"0":"post-4413","1":"product","2":"type-product","3":"status-publish","4":"has-post-thumbnail","6":"product_cat-motor","7":"pa_godina-282","8":"pa_kod-motora-caxa","9":"pa_marka-vozila-skoda","10":"pa_model-vozila-octavia","12":"first","13":"instock","14":"product-type-simple"},"acf":[],"yoast_head":"<!-- This site is optimized with the Yoast SEO plugin v26.9 - https:\/\/yoast.com\/product\/yoast-seo-wordpress\/ -->\n<title>SKODA Octavia 1.4 TSI Motor code: CAXA - Motor Centar d.o.o.<\/title>\n<meta name=\"robots\" content=\"index, follow, max-snippet:-1, max-image-preview:large, max-video-preview:-1\" \/>\n<link rel=\"canonical\" href=\"https:\/\/motorcentar.hr\/hu\/termek\/skoda-octavia-1-4-tsi-motor-code-caxa\/\" \/>\n<meta property=\"og:locale\" content=\"hu_HU\" \/>\n<meta property=\"og:type\" content=\"article\" \/>\n<meta property=\"og:title\" content=\"SKODA Octavia 1.4 TSI Motor code: CAXA - Motor Centar d.o.o.\" \/>\n<meta property=\"og:description\" content=\"\u0160koda Octavia II facelift (2009\u20132013), VW Golf VI (2008\u20132012, 1.4 TSI), ...\" \/>\n<meta property=\"og:url\" content=\"https:\/\/motorcentar.hr\/hu\/termek\/skoda-octavia-1-4-tsi-motor-code-caxa\/\" \/>\n<meta property=\"og:site_name\" content=\"Motor Centar d.o.o.\" \/>\n<meta property=\"article:modified_time\" content=\"2025-09-18T13:41:04+00:00\" \/>\n<meta property=\"og:image\" content=\"https:\/\/motorcentar.hr\/wp-content\/uploads\/2025\/01\/VW.jpg\" \/>\n\t<meta property=\"og:image:width\" content=\"500\" \/>\n\t<meta property=\"og:image:height\" content=\"500\" \/>\n\t<meta property=\"og:image:type\" content=\"image\/jpeg\" \/>\n<meta name=\"twitter:card\" content=\"summary_large_image\" \/>\n<meta name=\"twitter:label1\" content=\"Becs\u00fclt olvas\u00e1si id\u0151\" \/>\n\t<meta name=\"twitter:data1\" content=\"1 perc\" \/>\n<script type=\"application\/ld+json\" class=\"yoast-schema-graph\">{\"@context\":\"https:\/\/schema.org\",\"@graph\":[{\"@type\":\"WebPage\",\"@id\":\"https:\/\/motorcentar.hr\/proizvod\/skoda-octavia-1-4-tsi-motor-code-caxa\/\",\"url\":\"https:\/\/motorcentar.hr\/proizvod\/skoda-octavia-1-4-tsi-motor-code-caxa\/\",\"name\":\"SKODA Octavia 1.4 TSI Motor code: CAXA - Motor Centar d.o.o.\",\"isPartOf\":{\"@id\":\"https:\/\/motorcentar.hr\/#website\"},\"primaryImageOfPage\":{\"@id\":\"https:\/\/motorcentar.hr\/proizvod\/skoda-octavia-1-4-tsi-motor-code-caxa\/#primaryimage\"},\"image\":{\"@id\":\"https:\/\/motorcentar.hr\/proizvod\/skoda-octavia-1-4-tsi-motor-code-caxa\/#primaryimage\"},\"thumbnailUrl\":\"https:\/\/motorcentar.hr\/wp-content\/uploads\/2025\/01\/VW.jpg\",\"datePublished\":\"2025-09-15T16:15:25+00:00\",\"dateModified\":\"2025-09-18T13:41:04+00:00\",\"breadcrumb\":{\"@id\":\"https:\/\/motorcentar.hr\/proizvod\/skoda-octavia-1-4-tsi-motor-code-caxa\/#breadcrumb\"},\"inLanguage\":\"hu\",\"potentialAction\":[{\"@type\":\"ReadAction\",\"target\":[\"https:\/\/motorcentar.hr\/proizvod\/skoda-octavia-1-4-tsi-motor-code-caxa\/\"]}]},{\"@type\":\"ImageObject\",\"inLanguage\":\"hu\",\"@id\":\"https:\/\/motorcentar.hr\/proizvod\/skoda-octavia-1-4-tsi-motor-code-caxa\/#primaryimage\",\"url\":\"https:\/\/motorcentar.hr\/wp-content\/uploads\/2025\/01\/VW.jpg\",\"contentUrl\":\"https:\/\/motorcentar.hr\/wp-content\/uploads\/2025\/01\/VW.jpg\",\"width\":500,\"height\":500},{\"@type\":\"BreadcrumbList\",\"@id\":\"https:\/\/motorcentar.hr\/proizvod\/skoda-octavia-1-4-tsi-motor-code-caxa\/#breadcrumb\",\"itemListElement\":[{\"@type\":\"ListItem\",\"position\":1,\"name\":\"Po\u010detna stranica\",\"item\":\"https:\/\/motorcentar.hr\/\"},{\"@type\":\"ListItem\",\"position\":2,\"name\":\"Shop\",\"item\":\"https:\/\/motorcentar.hr\/shop\/\"},{\"@type\":\"ListItem\",\"position\":3,\"name\":\"SKODA Octavia 1.4 TSI Motor code: CAXA\"}]},{\"@type\":\"WebSite\",\"@id\":\"https:\/\/motorcentar.hr\/#website\",\"url\":\"https:\/\/motorcentar.hr\/\",\"name\":\"Motor Centar d.o.o.\",\"description\":\"dobavlja\u010d rabljenih motora\",\"publisher\":{\"@id\":\"https:\/\/motorcentar.hr\/#organization\"},\"potentialAction\":[{\"@type\":\"SearchAction\",\"target\":{\"@type\":\"EntryPoint\",\"urlTemplate\":\"https:\/\/motorcentar.hr\/?s={search_term_string}\"},\"query-input\":{\"@type\":\"PropertyValueSpecification\",\"valueRequired\":true,\"valueName\":\"search_term_string\"}}],\"inLanguage\":\"hu\"},{\"@type\":\"Organization\",\"@id\":\"https:\/\/motorcentar.hr\/#organization\",\"name\":\"Motor Centar d.o.o.\",\"url\":\"https:\/\/motorcentar.hr\/\",\"logo\":{\"@type\":\"ImageObject\",\"inLanguage\":\"hu\",\"@id\":\"https:\/\/motorcentar.hr\/#\/schema\/logo\/image\/\",\"url\":\"https:\/\/motorcentar.hr\/wp-content\/uploads\/2023\/04\/0-02-05-37028a27aaa200c272f71543794c852f210a09bbe2f325aa0348a1eb93b51753_beb4ff5acf141f32.jpg\",\"contentUrl\":\"https:\/\/motorcentar.hr\/wp-content\/uploads\/2023\/04\/0-02-05-37028a27aaa200c272f71543794c852f210a09bbe2f325aa0348a1eb93b51753_beb4ff5acf141f32.jpg\",\"width\":852,\"height\":156,\"caption\":\"Motor Centar d.o.o.\"},\"image\":{\"@id\":\"https:\/\/motorcentar.hr\/#\/schema\/logo\/image\/\"}}]}<\/script>\n<!-- \/ Yoast SEO plugin. -->","yoast_head_json":{"title":"SKODA Octavia 1.4 TSI Motor code: CAXA - Motor Centar d.o.o.","robots":{"index":"index","follow":"follow","max-snippet":"max-snippet:-1","max-image-preview":"max-image-preview:large","max-video-preview":"max-video-preview:-1"},"canonical":"https:\/\/motorcentar.hr\/hu\/termek\/skoda-octavia-1-4-tsi-motor-code-caxa\/","og_locale":"hu_HU","og_type":"article","og_title":"SKODA Octavia 1.4 TSI Motor code: CAXA - Motor Centar d.o.o.","og_description":"\u0160koda Octavia II facelift (2009\u20132013), VW Golf VI (2008\u20132012, 1.4 TSI), ...","og_url":"https:\/\/motorcentar.hr\/hu\/termek\/skoda-octavia-1-4-tsi-motor-code-caxa\/","og_site_name":"Motor Centar d.o.o.","article_modified_time":"2025-09-18T13:41:04+00:00","og_image":[{"width":500,"height":500,"url":"https:\/\/motorcentar.hr\/wp-content\/uploads\/2025\/01\/VW.jpg","type":"image\/jpeg"}],"twitter_card":"summary_large_image","twitter_misc":{"Becs\u00fclt olvas\u00e1si id\u0151":"1 perc"},"schema":{"@context":"https:\/\/schema.org","@graph":[{"@type":"WebPage","@id":"https:\/\/motorcentar.hr\/proizvod\/skoda-octavia-1-4-tsi-motor-code-caxa\/","url":"https:\/\/motorcentar.hr\/proizvod\/skoda-octavia-1-4-tsi-motor-code-caxa\/","name":"SKODA Octavia 1.4 TSI Motor code: CAXA - Motor Centar d.o.o.","isPartOf":{"@id":"https:\/\/motorcentar.hr\/#website"},"primaryImageOfPage":{"@id":"https:\/\/motorcentar.hr\/proizvod\/skoda-octavia-1-4-tsi-motor-code-caxa\/#primaryimage"},"image":{"@id":"https:\/\/motorcentar.hr\/proizvod\/skoda-octavia-1-4-tsi-motor-code-caxa\/#primaryimage"},"thumbnailUrl":"https:\/\/motorcentar.hr\/wp-content\/uploads\/2025\/01\/VW.jpg","datePublished":"2025-09-15T16:15:25+00:00","dateModified":"2025-09-18T13:41:04+00:00","breadcrumb":{"@id":"https:\/\/motorcentar.hr\/proizvod\/skoda-octavia-1-4-tsi-motor-code-caxa\/#breadcrumb"},"inLanguage":"hu","potentialAction":[{"@type":"ReadAction","target":["https:\/\/motorcentar.hr\/proizvod\/skoda-octavia-1-4-tsi-motor-code-caxa\/"]}]},{"@type":"ImageObject","inLanguage":"hu","@id":"https:\/\/motorcentar.hr\/proizvod\/skoda-octavia-1-4-tsi-motor-code-caxa\/#primaryimage","url":"https:\/\/motorcentar.hr\/wp-content\/uploads\/2025\/01\/VW.jpg","contentUrl":"https:\/\/motorcentar.hr\/wp-content\/uploads\/2025\/01\/VW.jpg","width":500,"height":500},{"@type":"BreadcrumbList","@id":"https:\/\/motorcentar.hr\/proizvod\/skoda-octavia-1-4-tsi-motor-code-caxa\/#breadcrumb","itemListElement":[{"@type":"ListItem","position":1,"name":"Po\u010detna stranica","item":"https:\/\/motorcentar.hr\/"},{"@type":"ListItem","position":2,"name":"Shop","item":"https:\/\/motorcentar.hr\/shop\/"},{"@type":"ListItem","position":3,"name":"SKODA Octavia 1.4 TSI Motor code: CAXA"}]},{"@type":"WebSite","@id":"https:\/\/motorcentar.hr\/#website","url":"https:\/\/motorcentar.hr\/","name":"Motor Centar d.o.o.","description":"dobavlja\u010d rabljenih motora","publisher":{"@id":"https:\/\/motorcentar.hr\/#organization"},"potentialAction":[{"@type":"SearchAction","target":{"@type":"EntryPoint","urlTemplate":"https:\/\/motorcentar.hr\/?s={search_term_string}"},"query-input":{"@type":"PropertyValueSpecification","valueRequired":true,"valueName":"search_term_string"}}],"inLanguage":"hu"},{"@type":"Organization","@id":"https:\/\/motorcentar.hr\/#organization","name":"Motor Centar d.o.o.","url":"https:\/\/motorcentar.hr\/","logo":{"@type":"ImageObject","inLanguage":"hu","@id":"https:\/\/motorcentar.hr\/#\/schema\/logo\/image\/","url":"https:\/\/motorcentar.hr\/wp-content\/uploads\/2023\/04\/0-02-05-37028a27aaa200c272f71543794c852f210a09bbe2f325aa0348a1eb93b51753_beb4ff5acf141f32.jpg","contentUrl":"https:\/\/motorcentar.hr\/wp-content\/uploads\/2023\/04\/0-02-05-37028a27aaa200c272f71543794c852f210a09bbe2f325aa0348a1eb93b51753_beb4ff5acf141f32.jpg","width":852,"height":156,"caption":"Motor Centar d.o.o."},"image":{"@id":"https:\/\/motorcentar.hr\/#\/schema\/logo\/image\/"}}]}},"jetpack_sharing_enabled":true,"_links":{"self":[{"href":"https:\/\/motorcentar.hr\/hu\/wp-json\/wp\/v2\/product\/4413","targetHints":{"allow":["GET"]}}],"collection":[{"href":"https:\/\/motorcentar.hr\/hu\/wp-json\/wp\/v2\/product"}],"about":[{"href":"https:\/\/motorcentar.hr\/hu\/wp-json\/wp\/v2\/types\/product"}],"wp:featuredmedia":[{"embeddable":true,"href":"https:\/\/motorcentar.hr\/hu\/wp-json\/wp\/v2\/media\/2277"}],"wp:attachment":[{"href":"https:\/\/motorcentar.hr\/hu\/wp-json\/wp\/v2\/media?parent=4413"}],"wp:term":[{"taxonomy":"product_brand","embeddable":true,"href":"https:\/\/motorcentar.hr\/hu\/wp-json\/wp\/v2\/product_brand?post=4413"},{"taxonomy":"product_cat","embeddable":true,"href":"https:\/\/motorcentar.hr\/hu\/wp-json\/wp\/v2\/product_cat?post=4413"},{"taxonomy":"product_tag","embeddable":true,"href":"https:\/\/motorcentar.hr\/hu\/wp-json\/wp\/v2\/product_tag?post=4413"}],"curies":[{"name":"wp","href":"https:\/\/api.w.org\/{rel}","templated":true}]}}