{"id":4635,"date":"2025-10-29T07:31:10","date_gmt":"2025-10-29T07:31:10","guid":{"rendered":"https:\/\/motorcentar.hr\/?post_type=product&#038;p=4635"},"modified":"2025-11-20T08:42:54","modified_gmt":"2025-11-20T08:42:54","slug":"mini-one-cooper-clubman-r55-motor-code-n12b16a","status":"publish","type":"product","link":"https:\/\/motorcentar.hr\/hu\/termek\/mini-one-cooper-clubman-r55-motor-code-n12b16a\/","title":{"rendered":"MINI ONE\/COOPER Clubman R56 Motor code: N12B16A"},"content":{"rendered":"<p data-path-to-node=\"0\"><span class=\"citation-3\">Ovo je motor iz <\/span><b><span class=\"citation-3\">BMW-PSA suradnje<\/span><\/b><span class=\"citation-3\"> (poznat kao <\/span><i><span class=\"citation-3\">Prince<\/span><\/i><span class=\"citation-3 citation-end-3\"> motor), koji je kori\u0161ten u MINI-ju, ali i u brojnim Peugeot i Citro\u00ebn modelima.<sup class=\"superscript\" data-turn-source-index=\"1\">1 <\/sup><\/span><span class=\"citation-2\">Va\u0161 motor <\/span><b><span class=\"citation-2\">N12B16A<\/span><\/b><span class=\"citation-2\"> je <\/span><b><span class=\"citation-2\">1.6-litreni, benzinski, atmosferski<\/span><\/b><span class=\"citation-2\"> motor, naj\u010de\u0161\u0107e snage <\/span><b><span class=\"citation-2\">88 kW (120 KS)<\/span><\/b><span class=\"citation-2\">, koji se ugra\u0111ivao u <\/span><b><span class=\"citation-2\">Mini Cooper<\/span><\/b><span class=\"citation-2\"> i <\/span><b><span class=\"citation-2\">Mini Cooper Clubman<\/span><\/b><span class=\"citation-2 citation-end-2\"> prije facelifta.<sup class=\"superscript\" data-turn-source-index=\"2\">2<\/sup><\/span><\/p>\n<h3>\ud83d\ude97 Potpuna Kompatibilnost (MINI \/ BMW)<\/h3>\n<p data-path-to-node=\"3\">Najdirektnija i najsigurnija zamjena je cijeli motor s istom oznakom iz sljede\u0107ih modela:<\/p>\n<table data-path-to-node=\"4\">\n<thead>\n<tr>\n<td><strong>Proizvo\u0111a\u010d<\/strong><\/td>\n<td><strong>Model<\/strong><\/td>\n<td><strong>Verzija<\/strong><\/td>\n<td><strong>Godine (pribli\u017eno)<\/strong><\/td>\n<td><strong>Snaga (kW\/KS)<\/strong><\/td>\n<\/tr>\n<\/thead>\n<tbody>\n<tr>\n<td data-path-to-node=\"4,1,0,0\"><b>MINI<\/b><\/td>\n<td data-path-to-node=\"4,1,1,0\"><b>R55 Clubman<\/b><\/td>\n<td data-path-to-node=\"4,1,2,0\">Cooper (1.6)<\/td>\n<td data-path-to-node=\"4,1,3,0\">2007. \u2013 2010.<\/td>\n<td data-path-to-node=\"4,1,4,0\"><b>88 kW (120 KS)<\/b><\/td>\n<\/tr>\n<tr>\n<td data-path-to-node=\"4,2,0,0\"><b>MINI<\/b><\/td>\n<td data-path-to-node=\"4,2,1,0\"><b>R56 Hatchback<\/b><\/td>\n<td data-path-to-node=\"4,2,2,0\">Cooper (1.6)<\/td>\n<td data-path-to-node=\"4,2,3,0\">2007. \u2013 2010.<\/td>\n<td data-path-to-node=\"4,2,4,0\"><b>88 kW (120 KS)<\/b><\/td>\n<\/tr>\n<tr>\n<td data-path-to-node=\"4,3,0,0\"><b>MINI<\/b><\/td>\n<td data-path-to-node=\"4,3,1,0\"><b>R57 Cabrio<\/b><\/td>\n<td data-path-to-node=\"4,3,2,0\">Cooper (1.6)<\/td>\n<td data-path-to-node=\"4,3,3,0\">2009. \u2013 2010.<\/td>\n<td data-path-to-node=\"4,3,4,0\"><b>88 kW (120 KS)<\/b><\/td>\n<\/tr>\n<\/tbody>\n<\/table>\n<blockquote data-path-to-node=\"5\">\n<p data-path-to-node=\"5,0\"><b>Va\u017ena razlika &#8211; N12 vs. N16:<\/b> Proizvodnja ovog motora prestala je oko 2010. godine kada ga je zamijenio modernizirani motor <b>N16B16A<\/b> (kod BMW\/MINI-ja). Iako su ova dva motora iz iste obitelji i dijele isti blok, <b>zamjena kompletnog N12 motora s N16 nije &#8220;plug-and-play&#8221;<\/b> i zahtijeva prebacivanje puno perifernih dijelova, promjenu softvera (ECU) i\/ili adaptaciju jer imaju razli\u010dite sustave pumpe ulja, dizajne razvodnog lanca i sli\u010dno. <b>Preporu\u010duje se dr\u017eati se isklju\u010divo koda N12B16A.<\/b><\/p>\n<\/blockquote>\n<hr data-path-to-node=\"6\" \/>\n<p data-path-to-node=\"7\">\n<h3>\ud83c\uddeb\ud83c\uddf7 Kompatibilnost s PSA Grupom (Peugeot\/Citro\u00ebn)<\/h3>\n<p data-path-to-node=\"8\">Motor <b>N12B16A<\/b> je zapravo BMW-ova oznaka za motor koji se u PSA grupi (Peugeot i Citro\u00ebn) zvao <b>EP6<\/b> ili <b>EP6 VTI<\/b>.<\/p>\n<p data-path-to-node=\"9\">Tehni\u010dki, temeljni blok motora je isti i kori\u0161ten je u ovim modelima:<\/p>\n<table data-path-to-node=\"10\">\n<thead>\n<tr>\n<td><strong>Proizvo\u0111a\u010d<\/strong><\/td>\n<td><strong>PSA Kod motora<\/strong><\/td>\n<td><strong>Model<\/strong><\/td>\n<td><strong>Snaga (kW\/KS)<\/strong><\/td>\n<\/tr>\n<\/thead>\n<tbody>\n<tr>\n<td data-path-to-node=\"10,1,0,0\"><b>Peugeot<\/b><\/td>\n<td data-path-to-node=\"10,1,1,0\"><b>EP6<\/b><\/td>\n<td data-path-to-node=\"10,1,2,0\">207, 308, 3008, 508<\/td>\n<td data-path-to-node=\"10,1,3,0\">88 kW (120 KS)<\/td>\n<\/tr>\n<tr>\n<td data-path-to-node=\"10,2,0,0\"><b>Citro\u00ebn<\/b><\/td>\n<td data-path-to-node=\"10,2,1,0\"><b>EP6<\/b><\/td>\n<td data-path-to-node=\"10,2,2,0\">C4, C4 Picasso, DS3<\/td>\n<td data-path-to-node=\"10,2,3,0\">88 kW (120 KS)<\/td>\n<\/tr>\n<\/tbody>\n<\/table>\n<p data-path-to-node=\"11\">\n<h3>\u26a0\ufe0f Upozorenje za zamjenu (MINI vs. PSA)<\/h3>\n<p data-path-to-node=\"12\">Dok je kratki blok (blok motora, radilica, klipovi) isti, <b>kompletna zamjena motora N12B16A (MINI) s EP6 (Peugeot\/Citro\u00ebn) nije preporu\u010dljiva bez velikih preinaka.<\/b><\/p>\n<p data-path-to-node=\"13\">Glavni razlozi su:<\/p>\n<ul data-path-to-node=\"14\">\n<li>\n<p data-path-to-node=\"14,0,0\"><b>Periferne komponente:<\/b> Mnogi dijelovi poput kartera, usisne grane, ispu\u0161ne grane i nosa\u010da motora dizajnirani su specifi\u010dno za \u0161asiju MINI-ja.<\/p>\n<\/li>\n<li>\n<p data-path-to-node=\"14,1,0\"><b>Elektronika:<\/b> Softver motornog ra\u010dunala (ECU) je razli\u010dit i mo\u017eda ne bi bio kompatibilan bez reprogramiranja.<\/p>\n<\/li>\n<\/ul>\n<p data-path-to-node=\"15\"><b>Preporuka:<\/b> Ako tra\u017eite kompletan motor, fokusirajte se isklju\u010divo na <b>MINI Cooper R55\/R56\/R57<\/b> s kodom <b>N12B16A<\/b>. Ako tra\u017eite samo golemi blok, tada motori iz navedenih Peugeot\/Citro\u00ebn modela mogu biti opcija, ali zahtijevaju prijenos gotovo svih perifernih dijelova s va\u0161eg originalnog MINI motora.<\/p>","protected":false},"excerpt":{"rendered":"<p><b>R55 Clubman <\/b>Cooper (1.6) 2007. \u2013 2010.<br \/>\n<b>R56 Hatchback <\/b>Cooper (1.6) 2007. &#8230; <\/p>","protected":false},"featured_media":4636,"template":"","meta":{"_monsterinsights_skip_tracking":false,"_monsterinsights_sitenote_active":false,"_monsterinsights_sitenote_note":"","_monsterinsights_sitenote_category":0},"product_brand":[],"product_cat":[131],"product_tag":[],"class_list":{"0":"post-4635","1":"product","2":"type-product","3":"status-publish","4":"has-post-thumbnail","6":"product_cat-motor","7":"pa_godina-318","8":"pa_kod-motora-n12b16a","9":"pa_marka-vozila-mini-cooper","10":"pa_model-vozila-mini-cooper-clubman","12":"first","13":"instock","14":"shipping-taxable","15":"purchasable","16":"product-type-simple"},"acf":[],"yoast_head":"<!-- This site is optimized with the Yoast SEO plugin v26.9 - https:\/\/yoast.com\/product\/yoast-seo-wordpress\/ -->\n<title>MINI ONE\/COOPER Clubman R56 Motor code: N12B16A - Motor Centar d.o.o.<\/title>\n<meta name=\"robots\" content=\"index, follow, max-snippet:-1, max-image-preview:large, max-video-preview:-1\" \/>\n<link rel=\"canonical\" href=\"https:\/\/motorcentar.hr\/hu\/termek\/mini-one-cooper-clubman-r55-motor-code-n12b16a\/\" \/>\n<meta property=\"og:locale\" content=\"hu_HU\" \/>\n<meta property=\"og:type\" content=\"article\" \/>\n<meta property=\"og:title\" content=\"MINI ONE\/COOPER Clubman R56 Motor code: N12B16A - Motor Centar d.o.o.\" \/>\n<meta property=\"og:description\" content=\"R55 Clubman Cooper (1.6) 2007. \u2013 2010. R56 Hatchback Cooper (1.6) 2007. ...\" \/>\n<meta property=\"og:url\" content=\"https:\/\/motorcentar.hr\/hu\/termek\/mini-one-cooper-clubman-r55-motor-code-n12b16a\/\" \/>\n<meta property=\"og:site_name\" content=\"Motor Centar d.o.o.\" \/>\n<meta property=\"article:modified_time\" content=\"2025-11-20T08:42:54+00:00\" \/>\n<meta property=\"og:image\" content=\"https:\/\/motorcentar.hr\/wp-content\/uploads\/2025\/10\/D6FB8321-F182-477A-9376-DD057EACD65E_1_105_c.jpeg\" \/>\n\t<meta property=\"og:image:width\" content=\"768\" \/>\n\t<meta property=\"og:image:height\" content=\"1024\" \/>\n\t<meta property=\"og:image:type\" content=\"image\/jpeg\" \/>\n<meta name=\"twitter:card\" content=\"summary_large_image\" \/>\n<meta name=\"twitter:label1\" content=\"Becs\u00fclt olvas\u00e1si id\u0151\" \/>\n\t<meta name=\"twitter:data1\" content=\"2 perc\" \/>\n<script type=\"application\/ld+json\" class=\"yoast-schema-graph\">{\"@context\":\"https:\/\/schema.org\",\"@graph\":[{\"@type\":\"WebPage\",\"@id\":\"https:\/\/motorcentar.hr\/proizvod\/mini-one-cooper-clubman-r55-motor-code-n12b16a\/\",\"url\":\"https:\/\/motorcentar.hr\/proizvod\/mini-one-cooper-clubman-r55-motor-code-n12b16a\/\",\"name\":\"MINI ONE\/COOPER Clubman R56 Motor code: N12B16A - Motor Centar d.o.o.\",\"isPartOf\":{\"@id\":\"https:\/\/motorcentar.hr\/#website\"},\"primaryImageOfPage\":{\"@id\":\"https:\/\/motorcentar.hr\/proizvod\/mini-one-cooper-clubman-r55-motor-code-n12b16a\/#primaryimage\"},\"image\":{\"@id\":\"https:\/\/motorcentar.hr\/proizvod\/mini-one-cooper-clubman-r55-motor-code-n12b16a\/#primaryimage\"},\"thumbnailUrl\":\"https:\/\/motorcentar.hr\/wp-content\/uploads\/2025\/10\/D6FB8321-F182-477A-9376-DD057EACD65E_1_105_c.jpeg\",\"datePublished\":\"2025-10-29T07:31:10+00:00\",\"dateModified\":\"2025-11-20T08:42:54+00:00\",\"breadcrumb\":{\"@id\":\"https:\/\/motorcentar.hr\/proizvod\/mini-one-cooper-clubman-r55-motor-code-n12b16a\/#breadcrumb\"},\"inLanguage\":\"hu\",\"potentialAction\":[{\"@type\":\"ReadAction\",\"target\":[\"https:\/\/motorcentar.hr\/proizvod\/mini-one-cooper-clubman-r55-motor-code-n12b16a\/\"]}]},{\"@type\":\"ImageObject\",\"inLanguage\":\"hu\",\"@id\":\"https:\/\/motorcentar.hr\/proizvod\/mini-one-cooper-clubman-r55-motor-code-n12b16a\/#primaryimage\",\"url\":\"https:\/\/motorcentar.hr\/wp-content\/uploads\/2025\/10\/D6FB8321-F182-477A-9376-DD057EACD65E_1_105_c.jpeg\",\"contentUrl\":\"https:\/\/motorcentar.hr\/wp-content\/uploads\/2025\/10\/D6FB8321-F182-477A-9376-DD057EACD65E_1_105_c.jpeg\",\"width\":768,\"height\":1024},{\"@type\":\"BreadcrumbList\",\"@id\":\"https:\/\/motorcentar.hr\/proizvod\/mini-one-cooper-clubman-r55-motor-code-n12b16a\/#breadcrumb\",\"itemListElement\":[{\"@type\":\"ListItem\",\"position\":1,\"name\":\"Po\u010detna stranica\",\"item\":\"https:\/\/motorcentar.hr\/\"},{\"@type\":\"ListItem\",\"position\":2,\"name\":\"Shop\",\"item\":\"https:\/\/motorcentar.hr\/shop\/\"},{\"@type\":\"ListItem\",\"position\":3,\"name\":\"MINI ONE\/COOPER Clubman R56 Motor code: N12B16A\"}]},{\"@type\":\"WebSite\",\"@id\":\"https:\/\/motorcentar.hr\/#website\",\"url\":\"https:\/\/motorcentar.hr\/\",\"name\":\"Motor Centar d.o.o.\",\"description\":\"dobavlja\u010d rabljenih motora\",\"publisher\":{\"@id\":\"https:\/\/motorcentar.hr\/#organization\"},\"potentialAction\":[{\"@type\":\"SearchAction\",\"target\":{\"@type\":\"EntryPoint\",\"urlTemplate\":\"https:\/\/motorcentar.hr\/?s={search_term_string}\"},\"query-input\":{\"@type\":\"PropertyValueSpecification\",\"valueRequired\":true,\"valueName\":\"search_term_string\"}}],\"inLanguage\":\"hu\"},{\"@type\":\"Organization\",\"@id\":\"https:\/\/motorcentar.hr\/#organization\",\"name\":\"Motor Centar d.o.o.\",\"url\":\"https:\/\/motorcentar.hr\/\",\"logo\":{\"@type\":\"ImageObject\",\"inLanguage\":\"hu\",\"@id\":\"https:\/\/motorcentar.hr\/#\/schema\/logo\/image\/\",\"url\":\"https:\/\/motorcentar.hr\/wp-content\/uploads\/2023\/04\/0-02-05-37028a27aaa200c272f71543794c852f210a09bbe2f325aa0348a1eb93b51753_beb4ff5acf141f32.jpg\",\"contentUrl\":\"https:\/\/motorcentar.hr\/wp-content\/uploads\/2023\/04\/0-02-05-37028a27aaa200c272f71543794c852f210a09bbe2f325aa0348a1eb93b51753_beb4ff5acf141f32.jpg\",\"width\":852,\"height\":156,\"caption\":\"Motor Centar d.o.o.\"},\"image\":{\"@id\":\"https:\/\/motorcentar.hr\/#\/schema\/logo\/image\/\"}}]}<\/script>\n<!-- \/ Yoast SEO plugin. -->","yoast_head_json":{"title":"MINI ONE\/COOPER Clubman R56 Motor code: N12B16A - Motor Centar d.o.o.","robots":{"index":"index","follow":"follow","max-snippet":"max-snippet:-1","max-image-preview":"max-image-preview:large","max-video-preview":"max-video-preview:-1"},"canonical":"https:\/\/motorcentar.hr\/hu\/termek\/mini-one-cooper-clubman-r55-motor-code-n12b16a\/","og_locale":"hu_HU","og_type":"article","og_title":"MINI ONE\/COOPER Clubman R56 Motor code: N12B16A - Motor Centar d.o.o.","og_description":"R55 Clubman Cooper (1.6) 2007. \u2013 2010. R56 Hatchback Cooper (1.6) 2007. ...","og_url":"https:\/\/motorcentar.hr\/hu\/termek\/mini-one-cooper-clubman-r55-motor-code-n12b16a\/","og_site_name":"Motor Centar d.o.o.","article_modified_time":"2025-11-20T08:42:54+00:00","og_image":[{"width":768,"height":1024,"url":"https:\/\/motorcentar.hr\/wp-content\/uploads\/2025\/10\/D6FB8321-F182-477A-9376-DD057EACD65E_1_105_c.jpeg","type":"image\/jpeg"}],"twitter_card":"summary_large_image","twitter_misc":{"Becs\u00fclt olvas\u00e1si id\u0151":"2 perc"},"schema":{"@context":"https:\/\/schema.org","@graph":[{"@type":"WebPage","@id":"https:\/\/motorcentar.hr\/proizvod\/mini-one-cooper-clubman-r55-motor-code-n12b16a\/","url":"https:\/\/motorcentar.hr\/proizvod\/mini-one-cooper-clubman-r55-motor-code-n12b16a\/","name":"MINI ONE\/COOPER Clubman R56 Motor code: N12B16A - Motor Centar d.o.o.","isPartOf":{"@id":"https:\/\/motorcentar.hr\/#website"},"primaryImageOfPage":{"@id":"https:\/\/motorcentar.hr\/proizvod\/mini-one-cooper-clubman-r55-motor-code-n12b16a\/#primaryimage"},"image":{"@id":"https:\/\/motorcentar.hr\/proizvod\/mini-one-cooper-clubman-r55-motor-code-n12b16a\/#primaryimage"},"thumbnailUrl":"https:\/\/motorcentar.hr\/wp-content\/uploads\/2025\/10\/D6FB8321-F182-477A-9376-DD057EACD65E_1_105_c.jpeg","datePublished":"2025-10-29T07:31:10+00:00","dateModified":"2025-11-20T08:42:54+00:00","breadcrumb":{"@id":"https:\/\/motorcentar.hr\/proizvod\/mini-one-cooper-clubman-r55-motor-code-n12b16a\/#breadcrumb"},"inLanguage":"hu","potentialAction":[{"@type":"ReadAction","target":["https:\/\/motorcentar.hr\/proizvod\/mini-one-cooper-clubman-r55-motor-code-n12b16a\/"]}]},{"@type":"ImageObject","inLanguage":"hu","@id":"https:\/\/motorcentar.hr\/proizvod\/mini-one-cooper-clubman-r55-motor-code-n12b16a\/#primaryimage","url":"https:\/\/motorcentar.hr\/wp-content\/uploads\/2025\/10\/D6FB8321-F182-477A-9376-DD057EACD65E_1_105_c.jpeg","contentUrl":"https:\/\/motorcentar.hr\/wp-content\/uploads\/2025\/10\/D6FB8321-F182-477A-9376-DD057EACD65E_1_105_c.jpeg","width":768,"height":1024},{"@type":"BreadcrumbList","@id":"https:\/\/motorcentar.hr\/proizvod\/mini-one-cooper-clubman-r55-motor-code-n12b16a\/#breadcrumb","itemListElement":[{"@type":"ListItem","position":1,"name":"Po\u010detna stranica","item":"https:\/\/motorcentar.hr\/"},{"@type":"ListItem","position":2,"name":"Shop","item":"https:\/\/motorcentar.hr\/shop\/"},{"@type":"ListItem","position":3,"name":"MINI ONE\/COOPER Clubman R56 Motor code: N12B16A"}]},{"@type":"WebSite","@id":"https:\/\/motorcentar.hr\/#website","url":"https:\/\/motorcentar.hr\/","name":"Motor Centar d.o.o.","description":"dobavlja\u010d rabljenih motora","publisher":{"@id":"https:\/\/motorcentar.hr\/#organization"},"potentialAction":[{"@type":"SearchAction","target":{"@type":"EntryPoint","urlTemplate":"https:\/\/motorcentar.hr\/?s={search_term_string}"},"query-input":{"@type":"PropertyValueSpecification","valueRequired":true,"valueName":"search_term_string"}}],"inLanguage":"hu"},{"@type":"Organization","@id":"https:\/\/motorcentar.hr\/#organization","name":"Motor Centar d.o.o.","url":"https:\/\/motorcentar.hr\/","logo":{"@type":"ImageObject","inLanguage":"hu","@id":"https:\/\/motorcentar.hr\/#\/schema\/logo\/image\/","url":"https:\/\/motorcentar.hr\/wp-content\/uploads\/2023\/04\/0-02-05-37028a27aaa200c272f71543794c852f210a09bbe2f325aa0348a1eb93b51753_beb4ff5acf141f32.jpg","contentUrl":"https:\/\/motorcentar.hr\/wp-content\/uploads\/2023\/04\/0-02-05-37028a27aaa200c272f71543794c852f210a09bbe2f325aa0348a1eb93b51753_beb4ff5acf141f32.jpg","width":852,"height":156,"caption":"Motor Centar d.o.o."},"image":{"@id":"https:\/\/motorcentar.hr\/#\/schema\/logo\/image\/"}}]}},"jetpack_sharing_enabled":true,"_links":{"self":[{"href":"https:\/\/motorcentar.hr\/hu\/wp-json\/wp\/v2\/product\/4635","targetHints":{"allow":["GET"]}}],"collection":[{"href":"https:\/\/motorcentar.hr\/hu\/wp-json\/wp\/v2\/product"}],"about":[{"href":"https:\/\/motorcentar.hr\/hu\/wp-json\/wp\/v2\/types\/product"}],"wp:featuredmedia":[{"embeddable":true,"href":"https:\/\/motorcentar.hr\/hu\/wp-json\/wp\/v2\/media\/4636"}],"wp:attachment":[{"href":"https:\/\/motorcentar.hr\/hu\/wp-json\/wp\/v2\/media?parent=4635"}],"wp:term":[{"taxonomy":"product_brand","embeddable":true,"href":"https:\/\/motorcentar.hr\/hu\/wp-json\/wp\/v2\/product_brand?post=4635"},{"taxonomy":"product_cat","embeddable":true,"href":"https:\/\/motorcentar.hr\/hu\/wp-json\/wp\/v2\/product_cat?post=4635"},{"taxonomy":"product_tag","embeddable":true,"href":"https:\/\/motorcentar.hr\/hu\/wp-json\/wp\/v2\/product_tag?post=4635"}],"curies":[{"name":"wp","href":"https:\/\/api.w.org\/{rel}","templated":true}]}}