{"id":13,"date":"2017-06-10T08:24:41","date_gmt":"2017-06-10T08:24:41","guid":{"rendered":"http:\/\/xtratheme.combuilding\/?page_id=6"},"modified":"2025-02-05T20:22:21","modified_gmt":"2025-02-05T20:22:21","slug":"o-nama","status":"publish","type":"page","link":"https:\/\/motorcentar.hr\/sl\/o-nama\/","title":{"rendered":"Kdo smo mi"},"content":{"rendered":"<div class=\"wpb-content-wrapper\"><div class=\"vc_row wpb_row vc_row-fluid\"><div class=\"wpb_column vc_column_container vc_col-sm-12\"><div class=\"vc_column-inner\"><div class=\"wpb_wrapper\"><div class=\"cz_gap clr  hide_on_mobile\" style=\"height: 40px\"><\/div><div class=\"cz_gap show_on_mobile clr\" style=\"height: 0px\"><\/div><div id=\"cz_105441\" class=\"cz_105441 cz_title clr cz_mobile_text_center cz_title_pos_inline\"><div class=\"cz_title_content\"><div class=\"cz_wpe_content\"><h3><span style=\"font-size: 36px;\">Motor Centar d.o.o.<\/span><\/h3>\n<\/div><\/div><\/div><\/div><\/div><\/div><\/div><div class=\"vc_row wpb_row vc_row-fluid\"><div class=\"wpb_column vc_column_container vc_col-sm-12 vc_col-md-6\"><div class=\"vc_column-inner vc_custom_1586160355222\"><div class=\"wpb_wrapper\"><div id=\"cz_83633\" class=\"cz_83633 cz_title clr cz_mobile_text_center cz_title_pos_inline\"><div class=\"cz_title_content\"><div class=\"cz_wpe_content\"><p><span style=\"color: #666666; font-size: 18px;\">Tvrtka Motor Centar, osnovana 2024. godine u Hrvatskoj, temelji svoje poslovanje na <strong>desetlje\u0107u iskustva ste\u010denog u \u0160vedskoj i diljem Europe u rje\u0161avanju slo\u017eenih problema povezanih s automobilskim motorima<\/strong>.\u00a0<\/span><\/p>\n<\/div><\/div><\/div><div class=\"cz_gap clr  hide_on_mobile\" style=\"height: 35px\"><\/div><div class=\"cz_gap show_on_mobile clr\" style=\"height: 20px\"><\/div><div id=\"cz_57672\" class=\"cz_57672 cz_title clr cz_mobile_text_center cz_title_pos_inline\"><div class=\"cz_title_content\"><div class=\"cz_wpe_content\"><p><span style=\"font-size: 18px; color: #666666;\">Posebnu pozornost posve\u0107ujemo nabavi motora koji zadovoljavaju najvi\u0161e tvorni\u010dke standarde, pri \u010demu sura\u0111ujemo s vode\u0107im skandinavskim centrima specijaliziranim za recikla\u017eu i zbrinjavanje karamboliranih vozila. Vjerujemo da ovim pristupom omogu\u0107ujemo kvalitetna i pouzdana rje\u0161enja koja ispunjavaju najvi\u0161e zahtjeve tr\u017ei\u0161ta.<\/span><\/p>\n<\/div><\/div><\/div><div class=\"cz_gap clr \" style=\"height: 30px\"><\/div><div id=\"cz_57515\" class=\"cz_57515 cz_title clr cz_mobile_text_center cz_title_pos_inline\"><div class=\"cz_title_content\"><div class=\"cz_wpe_content\"><p><span style=\"font-size: 18px; color: #666666;\">Motor Centar nudi naj\u0161iri asortiman proizvoda u Hrvatskoj, isti\u010du\u0107i se konkurentnim cijenama i visokom kvalitetom usluge. Na\u0161 je strate\u0161ki cilj postati prvi izbor svakog autoservisa, bez obzira na njihove specifi\u010dne potrebe ili veli\u010dinu poslovanja.<\/span><\/p>\n<\/div><\/div><\/div><div class=\"cz_gap clr \" style=\"height: 50px\"><\/div><\/div><\/div><\/div><div class=\"wpb_column vc_column_container vc_col-sm-12 vc_col-md-6\"><div class=\"vc_column-inner vc_custom_1551614408222\"><div class=\"wpb_wrapper\"><div class=\"cz_gap show_on_tablet clr  show_only_tablet\" style=\"height: 25px\"><\/div><div class=\"cz_gap show_on_mobile clr\" style=\"height: 0px\"><\/div><div id=\"cz_92824\" data-position=\"top-right\" class=\"cz_92824 cz_image clr cz_image_no_fx center_on_mobile\"><div class=\"\" ><div class=\"cz_image_in\"><div class=\"cz_main_image\"><img loading=\"lazy\" decoding=\"async\" width=\"1200\" height=\"364\" src=\"https:\/\/motorcentar.hr\/wp-content\/uploads\/2024\/12\/WhatsApp-Image-2024-12-13-at-17.58.11-e1735308366346.jpeg\" class=\"attachment-full\" alt=\"\" title=\"WhatsApp Image 2024-12-13 at 17.58.11\" srcset=\"https:\/\/motorcentar.hr\/wp-content\/uploads\/2024\/12\/WhatsApp-Image-2024-12-13-at-17.58.11-e1735308366346.jpeg 1200w, https:\/\/motorcentar.hr\/wp-content\/uploads\/2024\/12\/WhatsApp-Image-2024-12-13-at-17.58.11-e1735308366346-1000x303.jpeg 1000w, https:\/\/motorcentar.hr\/wp-content\/uploads\/2024\/12\/WhatsApp-Image-2024-12-13-at-17.58.11-e1735308366346-300x91.jpeg 300w, https:\/\/motorcentar.hr\/wp-content\/uploads\/2024\/12\/WhatsApp-Image-2024-12-13-at-17.58.11-e1735308366346-1024x311.jpeg 1024w, https:\/\/motorcentar.hr\/wp-content\/uploads\/2024\/12\/WhatsApp-Image-2024-12-13-at-17.58.11-e1735308366346-768x233.jpeg 768w, https:\/\/motorcentar.hr\/wp-content\/uploads\/2024\/12\/WhatsApp-Image-2024-12-13-at-17.58.11-e1735308366346-600x182.jpeg 600w\" sizes=\"auto, (max-width: 1200px) 100vw, 1200px\" \/><\/div><\/div><\/div><\/div><div id=\"cz_23615\" class=\"cz_23615 cz_quote\"><blockquote><i class=\"fa fa-quote-left cz_quote_shape\" style=\"position:absolute;top: 10%;left: 10%;color: #ffeb3b;\"><\/i><div class=\"cz_quote_content cz_wpe_content\"><p><strong><span style=\"font-size: 18px;\">Na\u0161a je misija primijeniti ste\u010deno znanje kako bismo klijentima omogu\u0107ili dugotrajan i u\u010dinkovit rad njihovih vozila, istovremeno smanjuju\u0107i tro\u0161kove odr\u017eavanja i popravaka.<\/span><\/strong><\/p>\n<\/div><\/blockquote><\/div><\/div><\/div><\/div><div class=\"wpb_column vc_column_container vc_col-sm-12\"><div class=\"vc_column-inner\"><div class=\"wpb_wrapper\"><div id=\"cz_110005\" class=\"cz_110005 cz_title clr cz_mobile_text_center cz_title_pos_inline\"><div class=\"cz_title_content\"><div class=\"cz_wpe_content\"><p><span style=\"font-size: 18px; color: #666666;\">Sjedi\u0161te tvrtke nalazi se u Puli, dok su na\u0161i partneri i logisti\u010dki centri strate\u0161ki raspore\u0111eni u Zagrebu, Osijeku, \u010cakovcu i Splitu. Zahvaljuju\u0107i suradnji s provjereno najboljim servisima u Hrvatskoj, osiguravamo profesionalnu ugradnju motora uz garanciju i potpunu sigurnost za na\u0161e klijente.<\/span><\/p>\n<\/div><\/div><\/div><div class=\"cz_gap clr \" style=\"height: 50px\"><\/div><ul id=\"cz_37554\" class=\"cz_37554 cz_stylish_list clr cz_sl_icon_hover_blur\"><li class=\"clr\"><div class=\"cz_sl_icon\"><i class=\"fa czico-072-check-mark mr10\" ><\/i><\/div><div><span> osiguravamo brzu isporuku<\/span><\/div><\/li><li class=\"clr\"><div class=\"cz_sl_icon\"><i class=\"fa czico-072-check-mark mr10\" ><\/i><\/div><div><span>pisano jamstvo<\/span><\/div><\/li><li class=\"clr\"><div class=\"cz_sl_icon\"><i class=\"fa czico-072-check-mark mr10\" ><\/i><\/div><div><span> kvalitetna rje\u0161enja<\/span><\/div><\/li><li class=\"clr\"><div class=\"cz_sl_icon\"><i class=\"fa czico-072-check-mark mr10\" ><\/i><\/div><div><span>distribucija dieselskih i benzinskih motora<\/span><\/div><\/li><\/ul><div class=\"cz_gap clr \" style=\"height: 70px\"><\/div><\/div><\/div><\/div><\/div><div data-vc-full-width=\"true\" data-vc-full-width-temp=\"true\" data-vc-full-width-init=\"false\" data-vc-stretch-content=\"true\" data-vc-parallax=\"1.5\" data-vc-parallax-image=\"https:\/\/motorcentar.hr\/wp-content\/uploads\/2019\/03\/about-parallax.jpg\" class=\"vc_row wpb_row vc_row-fluid vc_custom_1733169898493 vc_row-has-fill vc_row-no-padding vc_general vc_parallax vc_parallax-content-moving\"><div class=\"wpb_column vc_column_container vc_col-sm-12\"><div class=\"vc_column-inner\"><div class=\"wpb_wrapper\"><div id=\"cz_71686\" class=\"cz-particles\" style=\"min-height:200px !important\"><div class=\"row clr\"><div class=\"cz_gap clr \" style=\"height: 50px\"><\/div><div id=\"cz_73782\" class=\"cz_73782 cz_title clr cz_title_pos_inline tac cz_invert\"><div class=\"cz_title_shape shape_image cz_shape_1\"><img loading=\"lazy\" decoding=\"async\" width=\"132\" height=\"134\" src=\"https:\/\/motorcentar.hr\/wp-content\/uploads\/2019\/03\/title-icon.png\" class=\"attachment-full\" alt=\"\" title=\"title-icon\" \/><\/div><div class=\"cz_title_content\"><div class=\"cz_wpe_content\"><p style=\"text-align: center;\"><strong><span style=\"color: #aaaaaa; font-size: 20px;\">Posve\u0107eni smo unapre\u0111enju kvalitete usluga i stvaranju dugoro\u010dnih partnerskih odnosa,<br \/>\nvjeruju\u0107i da znanje i inovacije koje donosimo mogu zna\u010dajno doprinijeti<br \/>\nrazvoju sektora automobilske industrije u Hrvatskoj.<\/span><\/strong><\/p>\n<\/div><\/div><\/div><\/div><\/div>\n<script>\n\n\tjQuery( function( $ ) {\n\n\t\tvar timeout = 2000;\n\n\t\tsetTimeout(function() {\n\t\t\tif ( typeof particlesJS != \"undefined\" ) {\n\n\t\t\t\tparticlesJS(\"cz_71686\", {\n\t\t\t\t  \"particles\": {\n\t\t\t\t    \"number\": {\n\t\t\t\t      \"value\": 40\n\t\t\t\t    },\n\t\t\t\t    \"color\": {\n\t\t\t\t      \"value\": \"#ffffff\"\n\t\t\t\t    },\n\t\t\t\t    \"shape\": {\n\t\t\t\t      \"type\": \"edge\",\n\t\t\t\t    },\n\t\t\t\t    \"line_linked\": {\n\t\t\t\t      \"enable\": true,\n\t\t\t\t      \"distance\": 10,\n\t\t\t\t      \"color\": \"#ffffff\",\n\t\t\t\t      \"opacity\": 0.4,\n\t\t\t\t      \"width\": 1\n\t\t\t\t    },\n\t\t\t\t    \"opacity\": {\n\t\t\t\t      \"value\": 0.5,\n\t\t\t\t      \"random\": true,\n\t\t\t\t      \"anim\": {\n\t\t\t\t        \"enable\": false,\n\t\t\t\t        \"speed\": 1,\n\t\t\t\t        \"opacity_min\": 0.1,\n\t\t\t\t        \"sync\": false\n\t\t\t\t      }\n\t\t\t\t    },\n\t\t\t\t    \"size\": {\n\t\t\t\t      \"value\": 5,\n\t\t\t\t      \"random\": true,\n\t\t\t\t      \"anim\": {\n\t\t\t\t        \"enable\": false,\n\t\t\t\t        \"speed\": 40,\n\t\t\t\t        \"size_min\": 0.1,\n\t\t\t\t        \"sync\": false\n\t\t\t\t      }\n\t\t\t\t    },\n\t\t\t\t    \"move\": {\n\t\t\t\t      \"enable\": true,\n\t\t\t\t      \"speed\": 4,\n\t\t\t\t      \"direction\": \"none\",\n\t\t\t\t      \"random\": false,\n\t\t\t\t      \"straight\": false,\n\t\t\t\t      \"out_mode\": \"out\",\n\t\t\t\t      \"bounce\": false,\n\t\t\t\t      \"attract\": {\n\t\t\t\t        \"enable\": false,\n\t\t\t\t        \"rotateX\": 600,\n\t\t\t\t        \"rotateY\": 1200\n\t\t\t\t      }\n\t\t\t\t    }\n\t\t\t\t  },\n\t\t\t\t  \"interactivity\": {\n\t\t\t\t    \"detect_on\": \"canvas\",\n\t\t\t\t    \"events\": {\n\t\t\t\t      \"onhover\": {\n\t\t\t\t        \"enable\": true,\n\t\t\t\t        \"mode\": \"grab\"\n\t\t\t\t      },\n\t\t\t\t      \"onclick\": {\n\t\t\t\t        \"enable\": true,\n\t\t\t\t        \"mode\": \"push\"\n\t\t\t\t      },\n\t\t\t\t      \"resize\": true\n\t\t\t\t    },\n\t\t\t\t    \"modes\": {\n\t\t\t\t      \"grab\": {\n\t\t\t\t        \"distance\": 100,\n\t\t\t\t        \"line_linked\": {\n\t\t\t\t          \"opacity\": 1\n\t\t\t\t        }\n\t\t\t\t      },\n\t\t\t\t      \"bubble\": {\n\t\t\t\t        \"distance\": 400,\n\t\t\t\t        \"size\": 40,\n\t\t\t\t        \"duration\": 2,\n\t\t\t\t        \"opacity\": 8,\n\t\t\t\t        \"speed\": 3\n\t\t\t\t      },\n\t\t\t\t      \"repulse\": {\n\t\t\t\t        \"distance\": 200,\n\t\t\t\t        \"duration\": 0.4\n\t\t\t\t      },\n\t\t\t\t      \"push\": {\n\t\t\t\t        \"particles_nb\": 4\n\t\t\t\t      },\n\t\t\t\t      \"remove\": {\n\t\t\t\t        \"particles_nb\": 2\n\t\t\t\t      }\n\t\t\t\t    }\n\t\t\t\t  },\n\t\t\t\t  \"retina_detect\": true\n\t\t\t\t});\n\t\t\t}\n\t\t}, timeout );\n\n\t});\n\n<\/script><\/div><\/div><\/div><\/div><div class=\"vc_row-full-width vc_clearfix\"><\/div><div class=\"vc_row wpb_row vc_row-fluid\"><div class=\"wpb_column vc_column_container vc_col-sm-12\"><div class=\"vc_column-inner\"><div class=\"wpb_wrapper\"><div class=\"cz_gap clr  hide_on_mobile\" style=\"height: 50px\"><\/div><div class=\"cz_gap show_on_mobile clr\" style=\"height: 25px\"><\/div><\/div><\/div><\/div><\/div><div data-vc-full-width=\"true\" data-vc-full-width-temp=\"true\" data-vc-full-width-init=\"false\" class=\"vc_row wpb_row vc_row-fluid vc_custom_1551542304109 vc_row-has-fill\"><div class=\"wpb_column vc_column_container vc_col-sm-12\"><div class=\"vc_column-inner\"><div class=\"wpb_wrapper\"><div class=\"cz_gap clr \" style=\"height: 125px\"><\/div><div id=\"cz_45289\" class=\"cz_45289 cz_title clr cz_mobile_text_center cz_title_pos_inline\"><div class=\"cz_title_content\"><div class=\"cz_wpe_content\"><h3><span style=\"font-size: 36px;\">Recenzije na\u0161ih <span style=\"color: #ff0000;\">kupaca<\/span><\/span><\/h3>\n<\/div><\/div><\/div><div class=\"cz_gap clr \" style=\"height: 100px\"><\/div><div id=\"cz_55884\" class=\"cz_55884 slick arrows_mlr no_dots arrows_show_on_hover\" data-slick='{\"selector\":\"\",\"slidesToShow\":2,\"slidesToScroll\":1,\"rows\":1,\"fade\":false,\"vertical\":false,\"verticalSwiping\":false,\"infinite\":true,\"speed\":1000,\"swipeToSlide\":true,\"centerMode\":false,\"centerPadding\":\"\",\"variableWidth\":false,\"autoplay\":true,\"autoplaySpeed\":3000,\"dots\":true,\"counts\":false,\"responsive\":[{\"breakpoint\":769,\"settings\":{\"slidesToShow\":1,\"slidesToScroll\":1,\"infinite\":true,\"touchMove\":true}},{\"breakpoint\":481,\"settings\":{\"slidesToShow\":1,\"slidesToScroll\":1,\"infinite\":true,\"touchMove\":true}}]}' data-slick-prev=\"fa fa-chevron-left\" data-slick-next=\"fa fa-chevron-right\"><div id=\"cz_35555\" class=\"cz_35555 cz_testimonials cz_testimonials_s7\"><div class=\"cz_testimonials_content\"><div class=\"cz_testimonials_meta cz_tes_only_meta mb20\"><\/div><div class=\"cz_wpe_content\">Vrlo profesionalno i nadasve korektno\u2026<\/div><div class=\"cz_testimonials_meta cz_tes_only_meta mt20\"><div class=\"cz_testimonials_name_subname\"><div class=\"cz_testimonials_name\">Renato<\/div><\/div><\/div><\/div><\/div><div id=\"cz_86108\" class=\"cz_86108 cz_testimonials cz_testimonials_s7\"><div class=\"cz_testimonials_content\"><div class=\"cz_testimonials_meta cz_tes_only_meta mb20\"><\/div><div class=\"cz_wpe_content\">Sve je bilo u najboljem redu onako kako je navedeno na net-u\u2026<\/div><div class=\"cz_testimonials_meta cz_tes_only_meta mt20\"><div class=\"cz_testimonials_name_subname\"><div class=\"cz_testimonials_name\">Ante<\/div><\/div><\/div><\/div><\/div><div id=\"cz_31929\" class=\"cz_31929 cz_testimonials cz_testimonials_s7\"><div class=\"cz_testimonials_content\"><div class=\"cz_testimonials_meta cz_tes_only_meta mb20\"><\/div><div class=\"cz_wpe_content\">Profesionalni i susretljivi.<\/div><div class=\"cz_testimonials_meta cz_tes_only_meta mt20\"><div class=\"cz_testimonials_name_subname\"><div class=\"cz_testimonials_name\">Goran<\/div><\/div><\/div><\/div><\/div><div id=\"cz_93874\" class=\"cz_93874 cz_testimonials cz_testimonials_s7\"><div class=\"cz_testimonials_content\"><div class=\"cz_testimonials_meta cz_tes_only_meta mb20\"><\/div><div class=\"cz_wpe_content\">Brza realizacija i dostava.<\/div><div class=\"cz_testimonials_meta cz_tes_only_meta mt20\"><div class=\"cz_testimonials_name_subname\"><div class=\"cz_testimonials_name\">Luka<\/div><\/div><\/div><\/div><\/div><div id=\"cz_29315\" class=\"cz_29315 cz_testimonials cz_testimonials_s7\"><div class=\"cz_testimonials_content\"><div class=\"cz_testimonials_meta cz_tes_only_meta mb20\"><\/div><div class=\"cz_wpe_content\">Sve je bilo u redu od prvog kontakta do isporuke.<\/div><div class=\"cz_testimonials_meta cz_tes_only_meta mt20\"><div class=\"cz_testimonials_name_subname\"><div class=\"cz_testimonials_name\">Ivana<\/div><\/div><\/div><\/div><\/div><\/div><div><\/div><div class=\"cz_gap clr \" style=\"height: 50px\"><\/div><\/div><\/div><\/div><\/div><div class=\"vc_row-full-width vc_clearfix\"><\/div><div class=\"vc_row wpb_row vc_row-fluid\"><div class=\"wpb_column vc_column_container vc_col-sm-12\"><div class=\"vc_column-inner\"><div class=\"wpb_wrapper\"><div class=\"cz_gap clr \" style=\"height: 50px\"><\/div><\/div><\/div><\/div><\/div>\n<\/div>","protected":false},"excerpt":{"rendered":"Motor Centar d.o.o. Tvrtka Motor Centar, osnovana 2024. godine u Hrvatskoj, temelji svoje poslovanje na desetlje\u0107u iskustva ste\u010denog u \u0160vedskoj","protected":false},"author":1,"featured_media":0,"parent":0,"menu_order":0,"comment_status":"closed","ping_status":"closed","template":"","meta":{"_monsterinsights_skip_tracking":false,"_monsterinsights_sitenote_active":false,"_monsterinsights_sitenote_note":"","_monsterinsights_sitenote_category":0,"footnotes":""},"class_list":["post-13","page","type-page","status-publish","hentry"],"acf":[],"yoast_head":"<!-- This site is optimized with the Yoast SEO plugin v26.9 - https:\/\/yoast.com\/product\/yoast-seo-wordpress\/ -->\n<title>O nama - Motor Centar d.o.o.<\/title>\n<meta name=\"robots\" content=\"index, follow, max-snippet:-1, max-image-preview:large, max-video-preview:-1\" \/>\n<link rel=\"canonical\" href=\"https:\/\/motorcentar.hr\/sl\/o-nama\/\" \/>\n<meta property=\"og:locale\" content=\"sl_SI\" \/>\n<meta property=\"og:type\" content=\"article\" \/>\n<meta property=\"og:title\" content=\"O nama - Motor Centar d.o.o.\" \/>\n<meta property=\"og:url\" content=\"https:\/\/motorcentar.hr\/sl\/o-nama\/\" \/>\n<meta property=\"og:site_name\" content=\"Motor Centar d.o.o.\" \/>\n<meta property=\"article:modified_time\" content=\"2025-02-05T20:22:21+00:00\" \/>\n<meta property=\"og:image\" content=\"https:\/\/motorcentar.hr\/wp-content\/uploads\/2023\/04\/0-02-05-8d997bec49679ca8a17d7cf00f32ff84756e88dfba0dacc5d34cdff76a7075e3_b11c1589b608d9d5.jpg\" \/>\n\t<meta property=\"og:image:width\" content=\"1600\" \/>\n\t<meta property=\"og:image:height\" content=\"720\" \/>\n\t<meta property=\"og:image:type\" content=\"image\/jpeg\" \/>\n<meta name=\"twitter:card\" content=\"summary_large_image\" \/>\n<meta name=\"twitter:label1\" content=\"Est. reading time\" \/>\n\t<meta name=\"twitter:data1\" content=\"4 minute\" \/>\n<script type=\"application\/ld+json\" class=\"yoast-schema-graph\">{\"@context\":\"https:\/\/schema.org\",\"@graph\":[{\"@type\":\"WebPage\",\"@id\":\"https:\/\/motorcentar.hr\/o-nama\/\",\"url\":\"https:\/\/motorcentar.hr\/o-nama\/\",\"name\":\"O nama - Motor Centar d.o.o.\",\"isPartOf\":{\"@id\":\"https:\/\/motorcentar.hr\/#website\"},\"datePublished\":\"2017-06-10T08:24:41+00:00\",\"dateModified\":\"2025-02-05T20:22:21+00:00\",\"breadcrumb\":{\"@id\":\"https:\/\/motorcentar.hr\/o-nama\/#breadcrumb\"},\"inLanguage\":\"sl-SI\",\"potentialAction\":[{\"@type\":\"ReadAction\",\"target\":[\"https:\/\/motorcentar.hr\/o-nama\/\"]}]},{\"@type\":\"BreadcrumbList\",\"@id\":\"https:\/\/motorcentar.hr\/o-nama\/#breadcrumb\",\"itemListElement\":[{\"@type\":\"ListItem\",\"position\":1,\"name\":\"Po\u010detna stranica\",\"item\":\"https:\/\/motorcentar.hr\/\"},{\"@type\":\"ListItem\",\"position\":2,\"name\":\"O nama\"}]},{\"@type\":\"WebSite\",\"@id\":\"https:\/\/motorcentar.hr\/#website\",\"url\":\"https:\/\/motorcentar.hr\/\",\"name\":\"Motor Centar d.o.o.\",\"description\":\"dobavlja\u010d rabljenih motora\",\"publisher\":{\"@id\":\"https:\/\/motorcentar.hr\/#organization\"},\"potentialAction\":[{\"@type\":\"SearchAction\",\"target\":{\"@type\":\"EntryPoint\",\"urlTemplate\":\"https:\/\/motorcentar.hr\/?s={search_term_string}\"},\"query-input\":{\"@type\":\"PropertyValueSpecification\",\"valueRequired\":true,\"valueName\":\"search_term_string\"}}],\"inLanguage\":\"sl-SI\"},{\"@type\":\"Organization\",\"@id\":\"https:\/\/motorcentar.hr\/#organization\",\"name\":\"Motor Centar d.o.o.\",\"url\":\"https:\/\/motorcentar.hr\/\",\"logo\":{\"@type\":\"ImageObject\",\"inLanguage\":\"sl-SI\",\"@id\":\"https:\/\/motorcentar.hr\/#\/schema\/logo\/image\/\",\"url\":\"https:\/\/motorcentar.hr\/wp-content\/uploads\/2023\/04\/0-02-05-37028a27aaa200c272f71543794c852f210a09bbe2f325aa0348a1eb93b51753_beb4ff5acf141f32.jpg\",\"contentUrl\":\"https:\/\/motorcentar.hr\/wp-content\/uploads\/2023\/04\/0-02-05-37028a27aaa200c272f71543794c852f210a09bbe2f325aa0348a1eb93b51753_beb4ff5acf141f32.jpg\",\"width\":852,\"height\":156,\"caption\":\"Motor Centar d.o.o.\"},\"image\":{\"@id\":\"https:\/\/motorcentar.hr\/#\/schema\/logo\/image\/\"}}]}<\/script>\n<!-- \/ Yoast SEO plugin. -->","yoast_head_json":{"title":"O nama - Motor Centar d.o.o.","robots":{"index":"index","follow":"follow","max-snippet":"max-snippet:-1","max-image-preview":"max-image-preview:large","max-video-preview":"max-video-preview:-1"},"canonical":"https:\/\/motorcentar.hr\/sl\/o-nama\/","og_locale":"sl_SI","og_type":"article","og_title":"O nama - Motor Centar d.o.o.","og_url":"https:\/\/motorcentar.hr\/sl\/o-nama\/","og_site_name":"Motor Centar d.o.o.","article_modified_time":"2025-02-05T20:22:21+00:00","og_image":[{"width":1600,"height":720,"url":"https:\/\/motorcentar.hr\/wp-content\/uploads\/2023\/04\/0-02-05-8d997bec49679ca8a17d7cf00f32ff84756e88dfba0dacc5d34cdff76a7075e3_b11c1589b608d9d5.jpg","type":"image\/jpeg"}],"twitter_card":"summary_large_image","twitter_misc":{"Est. reading time":"4 minute"},"schema":{"@context":"https:\/\/schema.org","@graph":[{"@type":"WebPage","@id":"https:\/\/motorcentar.hr\/o-nama\/","url":"https:\/\/motorcentar.hr\/o-nama\/","name":"O nama - Motor Centar d.o.o.","isPartOf":{"@id":"https:\/\/motorcentar.hr\/#website"},"datePublished":"2017-06-10T08:24:41+00:00","dateModified":"2025-02-05T20:22:21+00:00","breadcrumb":{"@id":"https:\/\/motorcentar.hr\/o-nama\/#breadcrumb"},"inLanguage":"sl-SI","potentialAction":[{"@type":"ReadAction","target":["https:\/\/motorcentar.hr\/o-nama\/"]}]},{"@type":"BreadcrumbList","@id":"https:\/\/motorcentar.hr\/o-nama\/#breadcrumb","itemListElement":[{"@type":"ListItem","position":1,"name":"Po\u010detna stranica","item":"https:\/\/motorcentar.hr\/"},{"@type":"ListItem","position":2,"name":"O nama"}]},{"@type":"WebSite","@id":"https:\/\/motorcentar.hr\/#website","url":"https:\/\/motorcentar.hr\/","name":"Motor Centar d.o.o.","description":"dobavlja\u010d rabljenih motora","publisher":{"@id":"https:\/\/motorcentar.hr\/#organization"},"potentialAction":[{"@type":"SearchAction","target":{"@type":"EntryPoint","urlTemplate":"https:\/\/motorcentar.hr\/?s={search_term_string}"},"query-input":{"@type":"PropertyValueSpecification","valueRequired":true,"valueName":"search_term_string"}}],"inLanguage":"sl-SI"},{"@type":"Organization","@id":"https:\/\/motorcentar.hr\/#organization","name":"Motor Centar d.o.o.","url":"https:\/\/motorcentar.hr\/","logo":{"@type":"ImageObject","inLanguage":"sl-SI","@id":"https:\/\/motorcentar.hr\/#\/schema\/logo\/image\/","url":"https:\/\/motorcentar.hr\/wp-content\/uploads\/2023\/04\/0-02-05-37028a27aaa200c272f71543794c852f210a09bbe2f325aa0348a1eb93b51753_beb4ff5acf141f32.jpg","contentUrl":"https:\/\/motorcentar.hr\/wp-content\/uploads\/2023\/04\/0-02-05-37028a27aaa200c272f71543794c852f210a09bbe2f325aa0348a1eb93b51753_beb4ff5acf141f32.jpg","width":852,"height":156,"caption":"Motor Centar d.o.o."},"image":{"@id":"https:\/\/motorcentar.hr\/#\/schema\/logo\/image\/"}}]}},"jetpack_sharing_enabled":true,"_links":{"self":[{"href":"https:\/\/motorcentar.hr\/sl\/wp-json\/wp\/v2\/pages\/13","targetHints":{"allow":["GET"]}}],"collection":[{"href":"https:\/\/motorcentar.hr\/sl\/wp-json\/wp\/v2\/pages"}],"about":[{"href":"https:\/\/motorcentar.hr\/sl\/wp-json\/wp\/v2\/types\/page"}],"author":[{"embeddable":true,"href":"https:\/\/motorcentar.hr\/sl\/wp-json\/wp\/v2\/users\/1"}],"replies":[{"embeddable":true,"href":"https:\/\/motorcentar.hr\/sl\/wp-json\/wp\/v2\/comments?post=13"}],"version-history":[{"count":40,"href":"https:\/\/motorcentar.hr\/sl\/wp-json\/wp\/v2\/pages\/13\/revisions"}],"predecessor-version":[{"id":2313,"href":"https:\/\/motorcentar.hr\/sl\/wp-json\/wp\/v2\/pages\/13\/revisions\/2313"}],"wp:attachment":[{"href":"https:\/\/motorcentar.hr\/sl\/wp-json\/wp\/v2\/media?parent=13"}],"curies":[{"name":"wp","href":"https:\/\/api.w.org\/{rel}","templated":true}]}}